{"id":4590,"date":"2019-04-09T14:09:20","date_gmt":"2019-04-09T12:09:20","guid":{"rendered":"https:\/\/editionsouverture.ch\/wp2019\/?post_type=project&#038;p=4590"},"modified":"2019-07-31T10:24:08","modified_gmt":"2019-07-31T08:24:08","slug":"itineraires-n105","status":"publish","type":"product","link":"https:\/\/editionsouverture.ch\/wp2019\/livres\/non class\u00e9\/itineraires-n105\/","title":{"rendered":"Itin\u00e9raires 105"},"content":{"rendered":"<p class=\"p1\">Hildegarde de Bingen, n\u00e9e voil\u00e0 neuf cents ans \u2013 une des grandes femmes de notre Occident \u2013 parle du flanc que Dieu a laiss\u00e9 ouvert en l\u2019homme, plaie originelle, souffrance bien s\u00fbr, mais aussi ouverture rituelle et symbole de libert\u00e9. Cette ouverture est pour elle le signe de l\u2019amour que Dieu porte \u00e0 sa cr\u00e9ature en la cr\u00e9ant libre. Sans cela nous serions attach\u00e9s \u00e0 lui \u2013 achev\u00e9s. Nous serions sa \u00ab\u2009chose\u2009\u00bb. Il nous a laiss\u00e9s inachev\u00e9s. Il n\u2019a pas trac\u00e9 pour nous comme il l\u2019a fait pour les autre cr\u00e9atures le p\u00e9riple exact de nos migrations, il n\u2019a pas dessin\u00e9 nos routes \u00e0 l\u2019avance, n\u2019a pas scell\u00e9 la cha\u00eene de nos actes. Il nous a laiss\u00e9s le flanc ouvert \u2013 libres de fuir, de trahir, de tourner le dos ou d\u2019avancer \u00e0 sa rencontre \u2013 libres de choisir l\u2019ombre ou d\u2019aller vers la lumi\u00e8re. La dignit\u00e9 conc\u00e9d\u00e9e \u00e0 l\u2019homme est la possibilit\u00e9 du CHOIX.<\/p>\n<p class=\"p2\">\n<p class=\"p3\">Christiane Singer,\u00a0<i>Du bon usage des crises<\/i>. Albin Michel, 2001<\/p>\n","protected":false},"excerpt":{"rendered":"<p>Short description<\/p>\n","protected":false},"featured_media":4392,"template":"","meta":{"_et_pb_use_builder":"on","_et_pb_old_content":"<p class=\"p1\">Hildegarde de Bingen, n\u00e9e voil\u00e0 neuf cents ans \u2013 une des grandes femmes de notre Occident \u2013 parle du flanc que Dieu a laiss\u00e9 ouvert en l\u2019homme, plaie originelle, souffrance bien s\u00fbr, mais aussi ouverture rituelle et symbole de libert\u00e9. Cette ouverture est pour elle le signe de l\u2019amour que Dieu porte \u00e0 sa cr\u00e9ature en la cr\u00e9ant libre. Sans cela nous serions attach\u00e9s \u00e0 lui \u2013 achev\u00e9s. Nous serions sa \u00ab\u2009chose\u2009\u00bb. Il nous a laiss\u00e9s inachev\u00e9s. Il n\u2019a pas trac\u00e9 pour nous comme il l\u2019a fait pour les autre cr\u00e9atures le p\u00e9riple exact de nos migrations, il n\u2019a pas dessin\u00e9 nos routes \u00e0 l\u2019avance, n\u2019a pas scell\u00e9 la cha\u00eene de nos actes. Il nous a laiss\u00e9s le flanc ouvert \u2013 libres de fuir, de trahir, de tourner le dos ou d\u2019avancer \u00e0 sa rencontre \u2013 libres de choisir l\u2019ombre ou d\u2019aller vers la lumi\u00e8re. La dignit\u00e9 conc\u00e9d\u00e9e \u00e0 l\u2019homme est la possibilit\u00e9 du CHOIX.<\/p>\n<p class=\"p2\"><\/p>\n<p class=\"p3\">Christiane Singer,\u00a0<i>Du bon usage des crises<\/i>. Albin Michel, 2001<\/p>","_et_gb_content_width":""},"product_cat":[],"product_tag":[],"_links":{"self":[{"href":"https:\/\/editionsouverture.ch\/wp2019\/wp-json\/wp\/v2\/product\/4590"}],"collection":[{"href":"https:\/\/editionsouverture.ch\/wp2019\/wp-json\/wp\/v2\/product"}],"about":[{"href":"https:\/\/editionsouverture.ch\/wp2019\/wp-json\/wp\/v2\/types\/product"}],"wp:featuredmedia":[{"embeddable":true,"href":"https:\/\/editionsouverture.ch\/wp2019\/wp-json\/wp\/v2\/media\/4392"}],"wp:attachment":[{"href":"https:\/\/editionsouverture.ch\/wp2019\/wp-json\/wp\/v2\/media?parent=4590"}],"wp:term":[{"taxonomy":"product_cat","embeddable":true,"href":"https:\/\/editionsouverture.ch\/wp2019\/wp-json\/wp\/v2\/product_cat?post=4590"},{"taxonomy":"product_tag","embeddable":true,"href":"https:\/\/editionsouverture.ch\/wp2019\/wp-json\/wp\/v2\/product_tag?post=4590"}],"curies":[{"name":"wp","href":"https:\/\/api.w.org\/{rel}","templated":true}]}}