{"id":4591,"date":"2019-04-09T14:00:58","date_gmt":"2019-04-09T12:00:58","guid":{"rendered":"https:\/\/editionsouverture.ch\/wp2019\/?post_type=project&#038;p=4591"},"modified":"2019-07-31T10:24:28","modified_gmt":"2019-07-31T08:24:28","slug":"itineraires-104","status":"publish","type":"product","link":"https:\/\/editionsouverture.ch\/wp2019\/livres\/non class\u00e9\/itineraires-104\/","title":{"rendered":"Itin\u00e9raires 104"},"content":{"rendered":"<p class=\"p1\">\u00ab\u2009A tous les entrouvreurs, les pousseurs, <br \/> les \u00e9carteurs de portes, \u00e0 ceux qui y pi\u00e9tinent, y esp\u00e8rent, y attendent encore\u2009; aux laquais des loquets qui font tourner les p\u00eanes et couiner les clenches\u2009; \u00e0 ceux qui portent les clefs, qui \u00e9coutent aux portes, et y toquent\u2009; \u00e0 tous les curieux courb\u00e9s sur les trous des serrures\u2009; aux c\u0153urs battants des amoureux, aux d\u00e9fonceurs de portes ouvertes, \u00e0 ceux qui s\u2019y cognent le nez, qui claquent les portes\u2009; aux ados en col\u00e8re qui explosent les chambranles, aux sc\u00e8nes de m\u00e9nage, aux mis \u00e0 la porte (\u2026), \u00e0 la souffrance des demandeurs d\u2019emplois, \u00e0 celle des \u00e9trangers aux portes des pr\u00e9fectures, aux malheureux \u00e9crou\u00e9s\u2009; \u00e0 ceux qui cherchent encore les portes de la ville (\u2026); \u00e0 ceux qui n\u2019ouvrent plus leur porte, aux g\u00e9n\u00e9reux qui la gardent grande ouverte, \u00e0 toutes ces portes qu\u2019on a franchies, \u00e0 celles qui nous attendent\u2026<span class=\"Apple-tab-span\"> <\/span><span class=\"Apple-tab-span\"> <\/span><span class=\"Apple-tab-span\"> <\/span>je d\u00e9die ce livre\u2009\u00bb<\/p>\n<p class=\"p3\"><em>Pascal Dibie (2016). Ethnologie de la porte.\u00a0Des passages et des seuils<span style=\"font-size: 14px;\">. M\u00e9taili\u00e9<\/span><\/em><\/p>\n","protected":false},"excerpt":{"rendered":"<p>\u00ab\u2009A tous les entrouvreurs, les pousseurs, les \u00e9carteurs de portes, \u00e0 ceux qui y pi\u00e9tinent, y esp\u00e8rent, y attendent encore\u2009; aux laquais des loquets qui font tourner les p\u00eanes et couiner les clenches\u2009; \u00e0 ceux qui portent les clefs, qui \u00e9coutent aux portes, et y toquent\u2009; \u00e0 tous les curieux courb\u00e9s sur les trous des [&hellip;]<\/p>\n","protected":false},"featured_media":4390,"template":"","meta":{"_et_pb_use_builder":"on","_et_pb_old_content":"<p class=\"p1\">\u00ab\u2009A tous les entrouvreurs, les pousseurs, <br \/> les \u00e9carteurs de portes, \u00e0 ceux qui y pi\u00e9tinent, y esp\u00e8rent, y attendent encore\u2009; aux laquais des loquets qui font tourner les p\u00eanes et couiner les clenches\u2009; \u00e0 ceux qui portent les clefs, qui \u00e9coutent aux portes, et y toquent\u2009; \u00e0 tous les curieux courb\u00e9s sur les trous des serrures\u2009; aux c\u0153urs battants des amoureux, aux d\u00e9fonceurs de portes ouvertes, \u00e0 ceux qui s\u2019y cognent le nez, qui claquent les portes\u2009; aux ados en col\u00e8re qui explosent les chambranles, aux sc\u00e8nes de m\u00e9nage, aux mis \u00e0 la porte (\u2026), \u00e0 la souffrance des demandeurs d\u2019emplois, \u00e0 celle des \u00e9trangers aux portes des pr\u00e9fectures, aux malheureux \u00e9crou\u00e9s\u2009; \u00e0 ceux qui cherchent encore les portes de la ville (\u2026); \u00e0 ceux qui n\u2019ouvrent plus leur porte, aux g\u00e9n\u00e9reux qui la gardent grande ouverte, \u00e0 toutes ces portes qu\u2019on a franchies, \u00e0 celles qui nous attendent\u2026<span class=\"Apple-tab-span\"> <\/span><span class=\"Apple-tab-span\"> <\/span><span class=\"Apple-tab-span\"> <\/span>je d\u00e9die ce livre\u2009\u00bb<\/p>\n<p class=\"p3\"><em>Pascal Dibie (2016). Ethnologie de la porte.\u00a0Des passages et des seuils<span style=\"font-size: 14px;\">. M\u00e9taili\u00e9<\/span><\/em><\/p>","_et_gb_content_width":""},"product_cat":[],"product_tag":[],"_links":{"self":[{"href":"https:\/\/editionsouverture.ch\/wp2019\/wp-json\/wp\/v2\/product\/4591"}],"collection":[{"href":"https:\/\/editionsouverture.ch\/wp2019\/wp-json\/wp\/v2\/product"}],"about":[{"href":"https:\/\/editionsouverture.ch\/wp2019\/wp-json\/wp\/v2\/types\/product"}],"wp:featuredmedia":[{"embeddable":true,"href":"https:\/\/editionsouverture.ch\/wp2019\/wp-json\/wp\/v2\/media\/4390"}],"wp:attachment":[{"href":"https:\/\/editionsouverture.ch\/wp2019\/wp-json\/wp\/v2\/media?parent=4591"}],"wp:term":[{"taxonomy":"product_cat","embeddable":true,"href":"https:\/\/editionsouverture.ch\/wp2019\/wp-json\/wp\/v2\/product_cat?post=4591"},{"taxonomy":"product_tag","embeddable":true,"href":"https:\/\/editionsouverture.ch\/wp2019\/wp-json\/wp\/v2\/product_tag?post=4591"}],"curies":[{"name":"wp","href":"https:\/\/api.w.org\/{rel}","templated":true}]}}