{"id":4601,"date":"2018-04-11T16:35:04","date_gmt":"2018-04-11T14:35:04","guid":{"rendered":"https:\/\/editionsouverture.ch\/wp2019\/?post_type=project&#038;p=4601"},"modified":"2019-07-31T10:26:05","modified_gmt":"2019-07-31T08:26:05","slug":"itineraires-102","status":"publish","type":"product","link":"https:\/\/editionsouverture.ch\/wp2019\/livres\/nouveautes\/itineraires-102\/","title":{"rendered":"Itin\u00e9raires 102"},"content":{"rendered":"<p>[et_pb_section fb_built=\u00a0\u00bb1&Prime; admin_label=\u00a0\u00bbsection\u00a0\u00bb _builder_version=\u00a0\u00bb3.22.3&Prime;][et_pb_row admin_label=\u00a0\u00bbrow\u00a0\u00bb _builder_version=\u00a0\u00bb3.22.3&Prime; background_size=\u00a0\u00bbinitial\u00a0\u00bb background_position=\u00a0\u00bbtop_left\u00a0\u00bb background_repeat=\u00a0\u00bbrepeat\u00a0\u00bb][et_pb_column type=\u00a0\u00bb4_4&Prime; _builder_version=\u00a0\u00bb3.0.47&Prime;][et_pb_text admin_label=\u00a0\u00bbText\u00a0\u00bb _builder_version=\u00a0\u00bb3.0.74&Prime; background_size=\u00a0\u00bbinitial\u00a0\u00bb background_position=\u00a0\u00bbtop_left\u00a0\u00bb background_repeat=\u00a0\u00bbrepeat\u00a0\u00bb]Les couples heureux ont des histoires<\/p>\n<p>\u00ab C\u2019est par l\u2019imagination et la capacit\u00e9 de rester cr\u00e9atifs en toute circonstance que la vie du couple peut s\u2019enrichir et ne pas tomber dans la routine et les habitudes.<\/p>\n<p>Puisque, pour pr\u00e9server notre sant\u00e9, il nous faut rire dix-neuf minutes par jour, nous devons imaginer comment collaborer \u00e0 faire rire ou sourire notre partenaire, chaque jour de fa\u00e7on simple et sans trop d\u2019artifices. Se nourrir de nouvelles positives et d\u2019exemples d\u2019actions constructives autour de nous et dans le monde, contribue \u00e0 renforcer notre joie et notre enthousiasme. Oui, il y a des difficult\u00e9s et du mal dans le monde, mais je peux choisir de faire le bien et de rendre quelqu\u2019un heureux par mon comportement.<\/p>\n<p>(\u2026)<\/p>\n<p>Je suis convaincue qu\u2019une meilleure compr\u00e9hension des similitudes et des diff\u00e9rences entre hommes et femmes, peut nous permettre d\u2019apprendre \u00e0 construire une relation plus riche et la conduire vers sa pl\u00e9nitude en toute conscience.<\/p>\n<p>En effet, apprendre \u00e0 r\u00e9ussir son couple va au-del\u00e0 du confort d\u2019une relation bien huil\u00e9e qui marcherait comme un parfait m\u00e9canisme d\u2019horlogerie&#8230; Cela va bien plus loin, car le couple est cet autre dont on se sentira le plus proche, en partageant notre intimit\u00e9 et en d\u00e9voilant notre vuln\u00e9rabilit\u00e9. Apprendre \u00e0 cr\u00e9er ce troisi\u00e8me terme entre soi et l\u2019autre par la relation est une exp\u00e9rience unique et enrichissante, qui nous permet d\u2019inclure peu \u00e0 peu toutes les formes de l\u2019Autre dans sa richesse et sa diversit\u00e9, si nous ne faisons pas du couple une entit\u00e9 ferm\u00e9e sur elle-m\u00eame et trop protectrice. \u00bb<\/p>\n<p><em>Laura Winckler<br \/>\n<\/em><em>(L\u2019alchimie du couple, sept cl\u00e9s pour le bonheur, Ed. Cab\u00e9dita, 2017)<\/em><br \/>\n[\/et_pb_text][\/et_pb_column][\/et_pb_row][\/et_pb_section]<\/p>\n","protected":false},"excerpt":{"rendered":"<p>Les couples heureux ont des histoires \u00ab C\u2019est par l\u2019imagination et la capacit\u00e9 de rester cr\u00e9atifs en toute circonstance que la vie du couple peut s\u2019enrichir et ne pas tomber dans la routine et les habitudes. Puisque, pour pr\u00e9server notre sant\u00e9, il nous faut rire dix-neuf minutes par jour, nous devons imaginer comment collaborer \u00e0 [&hellip;]<\/p>\n","protected":false},"featured_media":4273,"template":"","meta":{"_et_pb_use_builder":"on","_et_pb_old_content":"","_et_gb_content_width":""},"product_cat":[142],"product_tag":[],"_links":{"self":[{"href":"https:\/\/editionsouverture.ch\/wp2019\/wp-json\/wp\/v2\/product\/4601"}],"collection":[{"href":"https:\/\/editionsouverture.ch\/wp2019\/wp-json\/wp\/v2\/product"}],"about":[{"href":"https:\/\/editionsouverture.ch\/wp2019\/wp-json\/wp\/v2\/types\/product"}],"wp:featuredmedia":[{"embeddable":true,"href":"https:\/\/editionsouverture.ch\/wp2019\/wp-json\/wp\/v2\/media\/4273"}],"wp:attachment":[{"href":"https:\/\/editionsouverture.ch\/wp2019\/wp-json\/wp\/v2\/media?parent=4601"}],"wp:term":[{"taxonomy":"product_cat","embeddable":true,"href":"https:\/\/editionsouverture.ch\/wp2019\/wp-json\/wp\/v2\/product_cat?post=4601"},{"taxonomy":"product_tag","embeddable":true,"href":"https:\/\/editionsouverture.ch\/wp2019\/wp-json\/wp\/v2\/product_tag?post=4601"}],"curies":[{"name":"wp","href":"https:\/\/api.w.org\/{rel}","templated":true}]}}