{"id":4607,"date":"2017-11-22T08:13:32","date_gmt":"2017-11-22T07:13:32","guid":{"rendered":"https:\/\/editionsouverture.ch\/wp2019\/?post_type=project&#038;p=4607"},"modified":"2019-07-31T10:26:53","modified_gmt":"2019-07-31T08:26:53","slug":"luminescences","status":"publish","type":"product","link":"https:\/\/editionsouverture.ch\/wp2019\/livres\/livres\/luminescences\/","title":{"rendered":"Luminescences"},"content":{"rendered":"<p>Quelques lignes pos\u00e9es sur le grain blanc,<br \/>\nsimples traces livr\u00e9es \u00e0 l\u2019accueil<br \/>\nd\u2019un regard singulier.<br \/>\nUn chemin \u00e0 explorer s\u2019esquisse\u2009:<br \/>\n\u00e0 leur mani\u00e8re, des images<br \/>\net des mots arrach\u00e9s \u00e0 leur destin ordinaire<br \/>\ns\u2019immiscent dans les entrelacs<br \/>\ndes aspirations humaines<\/p>\n<p>Pourquoi ne pas oser la saveur<br \/>\ndes \u00eatres et des choses qui ouvre<br \/>\naux floraisons subjugu\u00e9es de nos sens\u2009?<br \/>\nL\u2019ineffable prend alors figure de gratuit\u00e9<br \/>\npour irriguer nos jardins int\u00e9rieurs<br \/>\net illuminer notre devenir\u2026<\/p>\n","protected":false},"excerpt":{"rendered":"<p>Quelques lignes pos\u00e9es sur le grain blanc, simples traces livr\u00e9es \u00e0 l\u2019accueil d\u2019un regard singulier. Un chemin \u00e0 explorer s\u2019esquisse\u2009: \u00e0 leur mani\u00e8re, des images et des mots arrach\u00e9s \u00e0 leur destin ordinaire s\u2019immiscent dans les entrelacs des aspirations humaines Pourquoi ne pas oser la saveur des \u00eatres et des choses qui ouvre aux floraisons [&hellip;]<\/p>\n","protected":false},"featured_media":4107,"template":"","meta":{"_et_pb_use_builder":"on","_et_pb_old_content":"","_et_gb_content_width":""},"product_cat":[141,142],"product_tag":[],"_links":{"self":[{"href":"https:\/\/editionsouverture.ch\/wp2019\/wp-json\/wp\/v2\/product\/4607"}],"collection":[{"href":"https:\/\/editionsouverture.ch\/wp2019\/wp-json\/wp\/v2\/product"}],"about":[{"href":"https:\/\/editionsouverture.ch\/wp2019\/wp-json\/wp\/v2\/types\/product"}],"wp:featuredmedia":[{"embeddable":true,"href":"https:\/\/editionsouverture.ch\/wp2019\/wp-json\/wp\/v2\/media\/4107"}],"wp:attachment":[{"href":"https:\/\/editionsouverture.ch\/wp2019\/wp-json\/wp\/v2\/media?parent=4607"}],"wp:term":[{"taxonomy":"product_cat","embeddable":true,"href":"https:\/\/editionsouverture.ch\/wp2019\/wp-json\/wp\/v2\/product_cat?post=4607"},{"taxonomy":"product_tag","embeddable":true,"href":"https:\/\/editionsouverture.ch\/wp2019\/wp-json\/wp\/v2\/product_tag?post=4607"}],"curies":[{"name":"wp","href":"https:\/\/api.w.org\/{rel}","templated":true}]}}