{"id":4609,"date":"2017-10-19T08:36:03","date_gmt":"2017-10-19T06:36:03","guid":{"rendered":"https:\/\/editionsouverture.ch\/wp2019\/?post_type=project&#038;p=4609"},"modified":"2019-07-31T10:27:14","modified_gmt":"2019-07-31T08:27:14","slug":"itineraires-99","status":"publish","type":"product","link":"https:\/\/editionsouverture.ch\/wp2019\/livres\/non class\u00e9\/itineraires-99\/","title":{"rendered":"Itin\u00e9raires 99"},"content":{"rendered":"<p>[et_pb_section fb_built=\u00a0\u00bb1&Prime; admin_label=\u00a0\u00bbsection\u00a0\u00bb _builder_version=\u00a0\u00bb3.22.3&Prime;][et_pb_row admin_label=\u00a0\u00bbrow\u00a0\u00bb _builder_version=\u00a0\u00bb3.22.3&Prime; background_size=\u00a0\u00bbinitial\u00a0\u00bb background_position=\u00a0\u00bbtop_left\u00a0\u00bb background_repeat=\u00a0\u00bbrepeat\u00a0\u00bb][et_pb_column type=\u00a0\u00bb4_4&Prime; _builder_version=\u00a0\u00bb3.0.47&Prime;][et_pb_text admin_label=\u00a0\u00bbText\u00a0\u00bb _builder_version=\u00a0\u00bb3.0.74&Prime; background_size=\u00a0\u00bbinitial\u00a0\u00bb background_position=\u00a0\u00bbtop_left\u00a0\u00bb background_repeat=\u00a0\u00bbrepeat\u00a0\u00bb]Relisez&#8230;<\/p>\n<p>\u00ab\u2009Quand un livre vous a perc\u00e9 le c\u0153ur, relisez. Ne croyez qu\u2019aux livres qu\u2019on relit. En ces temps de lecture rapide, redoutez les livres faciles qui furent \u00e9crits mille fois. Vous les reconna\u00eetrez \u00e0 leur succ\u00e8s. Comprendre\u2009? Certes, dans l\u2019ordre scientifique, technique et pratique, c\u2019est-\u00e0-dire dans le monde du savoir. Mais en art et en litt\u00e9rature, il faut craindre la clart\u00e9. Ne vous arrive-t-il jamais d\u2019\u00eatre fatigu\u00e9 de comprendre, c\u2019est-\u00e0-dire de reconna\u00eetre ce que vous savez d\u00e9j\u00e0\u2009? Faites confiance \u00e0 l\u2019intelligence seconde, \u00e0 la nuit, relisez.<\/p>\n<p>&nbsp;<\/p>\n<p>\u2026 Mourir encombr\u00e9 de livres\u2009: la belle horreur. Faites le vide, ou presque, cinq \u00e0 six fois dans une vie. Ne garder que les livres qui r\u00e9sistent, \u00e9trangers\u2009: l\u2019\u00e9tranger a toujours quelque chose \u00e0 nous apprendre.\u2009\u00bb<\/p>\n<p>&nbsp;<\/p>\n<p><em>Jean Sulivan<\/em><br \/>\n[\/et_pb_text][\/et_pb_column][\/et_pb_row][\/et_pb_section]<\/p>\n","protected":false},"excerpt":{"rendered":"<p>Relisez&#8230; \u00ab\u2009Quand un livre vous a perc\u00e9 le c\u0153ur, relisez. Ne croyez qu\u2019aux livres qu\u2019on relit. En ces temps de lecture rapide, redoutez les livres faciles qui furent \u00e9crits mille fois. Vous les reconna\u00eetrez \u00e0 leur succ\u00e8s. Comprendre\u2009? Certes, dans l\u2019ordre scientifique, technique et pratique, c\u2019est-\u00e0-dire dans le monde du savoir. Mais en art et [&hellip;]<\/p>\n","protected":false},"featured_media":4095,"template":"","meta":{"_et_pb_use_builder":"on","_et_pb_old_content":"","_et_gb_content_width":""},"product_cat":[],"product_tag":[],"_links":{"self":[{"href":"https:\/\/editionsouverture.ch\/wp2019\/wp-json\/wp\/v2\/product\/4609"}],"collection":[{"href":"https:\/\/editionsouverture.ch\/wp2019\/wp-json\/wp\/v2\/product"}],"about":[{"href":"https:\/\/editionsouverture.ch\/wp2019\/wp-json\/wp\/v2\/types\/product"}],"wp:featuredmedia":[{"embeddable":true,"href":"https:\/\/editionsouverture.ch\/wp2019\/wp-json\/wp\/v2\/media\/4095"}],"wp:attachment":[{"href":"https:\/\/editionsouverture.ch\/wp2019\/wp-json\/wp\/v2\/media?parent=4609"}],"wp:term":[{"taxonomy":"product_cat","embeddable":true,"href":"https:\/\/editionsouverture.ch\/wp2019\/wp-json\/wp\/v2\/product_cat?post=4609"},{"taxonomy":"product_tag","embeddable":true,"href":"https:\/\/editionsouverture.ch\/wp2019\/wp-json\/wp\/v2\/product_tag?post=4609"}],"curies":[{"name":"wp","href":"https:\/\/api.w.org\/{rel}","templated":true}]}}