{"id":4610,"date":"2017-08-28T15:22:11","date_gmt":"2017-08-28T13:22:11","guid":{"rendered":"https:\/\/editionsouverture.ch\/wp2019\/?post_type=project&#038;p=4610"},"modified":"2019-07-31T10:27:25","modified_gmt":"2019-07-31T08:27:25","slug":"vingt-quatre-tranches-alphabetiques","status":"publish","type":"product","link":"https:\/\/editionsouverture.ch\/wp2019\/livres\/livres\/vingt-quatre-tranches-alphabetiques\/","title":{"rendered":"Vingt-quatre tranches alphab\u00e9tiques"},"content":{"rendered":"<p>Cet ouvrage constitue le quatri\u00e8me titre publi\u00e9 par Roger Chatelain dans la collection \u00ab\u00a0Son mot \u00e0 dire\u00a0\u00bb.<\/p>\n<p>Une s\u00e9rie de chroniques, richement illustr\u00e9es, li\u00e9e \u00e0 l\u2019historique de l\u2019imprimerie traditionnelle, truff\u00e9e d\u2019anecdotes, sertie d\u2019esprit jurassien.<\/p>\n<p><a href=\"https:\/\/editionsouverture.ch\/wp2019\/wp-content\/uploads\/2017\/08\/Flyer_TYPO_RG_2017_v6.pdf\">Flyer de pr\u00e9sentation<\/a><\/p>\n","protected":false},"excerpt":{"rendered":"<p>Cet ouvrage constitue le quatri\u00e8me titre publi\u00e9 par Roger Chatelain dans la collection \u00ab\u00a0Son mot \u00e0 dire\u00a0\u00bb. Une s\u00e9rie de chroniques, richement illustr\u00e9es, li\u00e9e \u00e0 l\u2019historique de l\u2019imprimerie traditionnelle, truff\u00e9e d\u2019anecdotes, sertie d\u2019esprit jurassien. Flyer de pr\u00e9sentation<\/p>\n","protected":false},"featured_media":4089,"template":"","meta":{"_et_pb_use_builder":"on","_et_pb_old_content":"","_et_gb_content_width":""},"product_cat":[141,142],"product_tag":[],"_links":{"self":[{"href":"https:\/\/editionsouverture.ch\/wp2019\/wp-json\/wp\/v2\/product\/4610"}],"collection":[{"href":"https:\/\/editionsouverture.ch\/wp2019\/wp-json\/wp\/v2\/product"}],"about":[{"href":"https:\/\/editionsouverture.ch\/wp2019\/wp-json\/wp\/v2\/types\/product"}],"wp:featuredmedia":[{"embeddable":true,"href":"https:\/\/editionsouverture.ch\/wp2019\/wp-json\/wp\/v2\/media\/4089"}],"wp:attachment":[{"href":"https:\/\/editionsouverture.ch\/wp2019\/wp-json\/wp\/v2\/media?parent=4610"}],"wp:term":[{"taxonomy":"product_cat","embeddable":true,"href":"https:\/\/editionsouverture.ch\/wp2019\/wp-json\/wp\/v2\/product_cat?post=4610"},{"taxonomy":"product_tag","embeddable":true,"href":"https:\/\/editionsouverture.ch\/wp2019\/wp-json\/wp\/v2\/product_tag?post=4610"}],"curies":[{"name":"wp","href":"https:\/\/api.w.org\/{rel}","templated":true}]}}