{"id":4611,"date":"2017-07-07T09:33:18","date_gmt":"2017-07-07T07:33:18","guid":{"rendered":"https:\/\/editionsouverture.ch\/wp2019\/?post_type=project&#038;p=4611"},"modified":"2019-07-31T10:27:34","modified_gmt":"2019-07-31T08:27:34","slug":"itineraires-98","status":"publish","type":"product","link":"https:\/\/editionsouverture.ch\/wp2019\/livres\/non class\u00e9\/itineraires-98\/","title":{"rendered":"Itin\u00e9raires 98"},"content":{"rendered":"<p>[et_pb_section fb_built=\u00a0\u00bb1&Prime; admin_label=\u00a0\u00bbsection\u00a0\u00bb _builder_version=\u00a0\u00bb3.22.3&Prime;][et_pb_row admin_label=\u00a0\u00bbrow\u00a0\u00bb _builder_version=\u00a0\u00bb3.22.3&Prime; background_size=\u00a0\u00bbinitial\u00a0\u00bb background_position=\u00a0\u00bbtop_left\u00a0\u00bb background_repeat=\u00a0\u00bbrepeat\u00a0\u00bb][et_pb_column type=\u00a0\u00bb4_4&Prime; _builder_version=\u00a0\u00bb3.0.47&Prime;][et_pb_text admin_label=\u00a0\u00bbText\u00a0\u00bb _builder_version=\u00a0\u00bb3.0.74&Prime; background_size=\u00a0\u00bbinitial\u00a0\u00bb background_position=\u00a0\u00bbtop_left\u00a0\u00bb background_repeat=\u00a0\u00bbrepeat\u00a0\u00bb]<strong>Au c\u0153ur de toi-m\u00eame<\/strong><\/p>\n<p>En tout homme se trouve une part de solitude qu\u2019aucune intimit\u00e9 humaine ne peut combler, pas m\u00eame l\u2019amour le plus fort entre deux \u00eatres. Qui ne consent pas \u00e0 ce lieu de solitude conna\u00eet la r\u00e9volte contre les hommes, contre Dieu lui-m\u00eame.<\/p>\n<p>Pourtant tu n\u2019es jamais seul. Laisse-toi sonder jusqu\u2019au c\u0153ur de toi-m\u00eame, et tu verras que tout homme est cr\u00e9\u00e9 pour \u00eatre habit\u00e9. L\u00e0, au creux de l\u2019\u00eatre, l\u00e0 o\u00f9 personne ne ressemble \u00e0 personne, le Christ t\u2019attend. L\u00e0 se passe l\u2019inattendu.<\/p>\n<p>Passage fulgurant de l\u2019amour de Dieu, le Saint-Esprit traverse chaque \u00eatre humain comme un \u00e9clair dans sa nuit. Par ce passage, le Ressuscit\u00e9 te saisit, il se charge de tout, il prend sur lui tout ce qui est intol\u00e9rable.<\/p>\n<p>Apr\u00e8s coup seulement, parfois longtemps apr\u00e8s, tu le comprendras\u2009: le Christ a pass\u00e9, sa surabondance a \u00e9t\u00e9 donn\u00e9e.<\/p>\n<p>Au moment o\u00f9 les yeux s\u2019ouvrent \u00e0 ce passage, tu te diras : \u00ab Mon c\u0153ur n\u2019\u00e9tait-il pas tout br\u00fblant au-dedans de moi pendant qu\u2019il me parlait ? \u00bb<\/p>\n<p>Le Christ n\u2019an\u00e9antit pas l\u2019homme de chair et de sang. Dans une communion avec lui, pas de place pour les ali\u00e9nations. Il ne brise pas ce qui est en l\u2019homme. Il n\u2019est pas venu pour abolir, mais pour accomplir. Quand tu \u00e9coutes, dans le silence de ton c\u0153ur, il transfigure le plus inqui\u00e9tant en toi. Quand tu es envelopp\u00e9 par l\u2019incompr\u00e9hensible, quand la nuit se fait dense, son amour est un feu. \u00c0 toi de regarder cette lampe allum\u00e9e dans l\u2019obscurit\u00e9, jusqu\u2019\u00e0 ce que l\u2019aurore commence \u00e0 poindre et le jour \u00e0 se lever dans ton c\u0153ur.<\/p>\n<p><em>Fr\u00e8re Roger Sch\u00fctz<\/em><br \/>\n<em>(Les Sources de Taiz\u00e9)<\/em><\/p>\n<p>&nbsp;<br \/>\n[\/et_pb_text][\/et_pb_column][\/et_pb_row][\/et_pb_section]<\/p>\n","protected":false},"excerpt":{"rendered":"<p>Au c\u0153ur de toi-m\u00eame En tout homme se trouve une part de solitude qu\u2019aucune intimit\u00e9 humaine ne peut combler, pas m\u00eame l\u2019amour le plus fort entre deux \u00eatres. Qui ne consent pas \u00e0 ce lieu de solitude conna\u00eet la r\u00e9volte contre les hommes, contre Dieu lui-m\u00eame. Pourtant tu n\u2019es jamais seul. Laisse-toi sonder jusqu\u2019au c\u0153ur [&hellip;]<\/p>\n","protected":false},"featured_media":4020,"template":"","meta":{"_et_pb_use_builder":"on","_et_pb_old_content":"\r\n<strong>Au c\u0153ur de toi-m\u00eame<\/strong>\r\n\r\nEn tout homme se trouve une part de solitude qu\u2019aucune intimit\u00e9 humaine ne peut combler, pas m\u00eame l\u2019amour le plus fort entre deux \u00eatres. Qui ne consent pas \u00e0 ce lieu de solitude conna\u00eet la r\u00e9volte contre les hommes, contre Dieu lui-m\u00eame.\r\n\r\nPourtant tu n\u2019es jamais seul. Laisse-toi sonder jusqu\u2019au c\u0153ur de toi-m\u00eame, et tu verras que tout homme est cr\u00e9\u00e9 pour \u00eatre habit\u00e9. L\u00e0, au creux de l\u2019\u00eatre, l\u00e0 o\u00f9 personne ne ressemble \u00e0 personne, le Christ t\u2019attend. L\u00e0 se passe l\u2019inattendu.\r\n\r\nPassage fulgurant de l\u2019amour de Dieu, le Saint-Esprit traverse chaque \u00eatre humain comme un \u00e9clair dans sa nuit. Par ce passage, le Ressuscit\u00e9 te saisit, il se charge de tout, il prend sur lui tout ce qui est intol\u00e9rable.\r\n\r\nApr\u00e8s coup seulement, parfois longtemps apr\u00e8s, tu le comprendras\u2009: le Christ a pass\u00e9, sa surabondance a \u00e9t\u00e9 donn\u00e9e.\r\n\r\nAu moment o\u00f9 les yeux s\u2019ouvrent \u00e0 ce passage, tu te diras : \u00ab Mon c\u0153ur n\u2019\u00e9tait-il pas tout br\u00fblant au-dedans de moi pendant qu\u2019il me parlait ? \u00bb\r\n\r\nLe Christ n\u2019an\u00e9antit pas l\u2019homme de chair et de sang. Dans une communion avec lui, pas de place pour les ali\u00e9nations. Il ne brise pas ce qui est en l\u2019homme. Il n\u2019est pas venu pour abolir, mais pour accomplir. Quand tu \u00e9coutes, dans le silence de ton c\u0153ur, il transfigure le plus inqui\u00e9tant en toi. Quand tu es envelopp\u00e9 par l\u2019incompr\u00e9hensible, quand la nuit se fait dense, son amour est un feu. \u00c0 toi de regarder cette lampe allum\u00e9e dans l\u2019obscurit\u00e9, jusqu\u2019\u00e0 ce que l\u2019aurore commence \u00e0 poindre et le jour \u00e0 se lever dans ton c\u0153ur.\r\n\r\n<em>Fr\u00e8re Roger Sch\u00fctz<\/em>\r\n<em>(Les Sources de Taiz\u00e9)<\/em>\r\n\r\n\u00a0\r\n\r\n","_et_gb_content_width":""},"product_cat":[],"product_tag":[],"_links":{"self":[{"href":"https:\/\/editionsouverture.ch\/wp2019\/wp-json\/wp\/v2\/product\/4611"}],"collection":[{"href":"https:\/\/editionsouverture.ch\/wp2019\/wp-json\/wp\/v2\/product"}],"about":[{"href":"https:\/\/editionsouverture.ch\/wp2019\/wp-json\/wp\/v2\/types\/product"}],"wp:featuredmedia":[{"embeddable":true,"href":"https:\/\/editionsouverture.ch\/wp2019\/wp-json\/wp\/v2\/media\/4020"}],"wp:attachment":[{"href":"https:\/\/editionsouverture.ch\/wp2019\/wp-json\/wp\/v2\/media?parent=4611"}],"wp:term":[{"taxonomy":"product_cat","embeddable":true,"href":"https:\/\/editionsouverture.ch\/wp2019\/wp-json\/wp\/v2\/product_cat?post=4611"},{"taxonomy":"product_tag","embeddable":true,"href":"https:\/\/editionsouverture.ch\/wp2019\/wp-json\/wp\/v2\/product_tag?post=4611"}],"curies":[{"name":"wp","href":"https:\/\/api.w.org\/{rel}","templated":true}]}}