{"id":4631,"date":"2017-03-14T13:41:02","date_gmt":"2017-03-14T12:41:02","guid":{"rendered":"https:\/\/editionsouverture.ch\/wp2019\/?post_type=project&#038;p=4631"},"modified":"2019-07-31T10:30:54","modified_gmt":"2019-07-31T08:30:54","slug":"guide-du-typographe","status":"publish","type":"product","link":"https:\/\/editionsouverture.ch\/wp2019\/livres\/livres\/guide-du-typographe\/","title":{"rendered":"Guide du Typographe"},"content":{"rendered":"<p>Le <em>Guide du typographe<\/em>, devenu le livre de chevet des correctrices et correcteurs d&rsquo;imprimerie, comme des polygraphes, graphistes et autres servants de la communication \u00e9crite, a fait peau neuve\u2009!<\/p>\n<p>Revue, actualis\u00e9e et compl\u00e9t\u00e9e, la septi\u00e8me \u00e9dition du Guide du typographe se r\u00e9v\u00e8le indispensable \u00e0 chacun. De l&#8217;emploi des majuscules \u00e0 l&rsquo;utilisation de l&rsquo;italique, des abr\u00e9viations \u00e0 la composition des nombres, du bon usage de la ponctuation aux r\u00e8gles typographiques, voire aux principes fondamentaux r\u00e9gissant des langues \u00e9trang\u00e8res\u2026 le nouveau Guide doit se trouver \u00e0 port\u00e9e de main de quiconque r\u00e9dige un texte et d&rsquo;autant plus s&rsquo;il le saisit \u00e0 l&rsquo;ordinateur !<\/p>\n","protected":false},"excerpt":{"rendered":"<p>Le Guide du typographe, devenu le livre de chevet des correctrices et correcteurs d&rsquo;imprimerie, comme des polygraphes, graphistes et autres servants de la communication \u00e9crite, a fait peau neuve\u2009! Revue, actualis\u00e9e et compl\u00e9t\u00e9e, la septi\u00e8me \u00e9dition du Guide du typographe se r\u00e9v\u00e8le indispensable \u00e0 chacun. De l&#8217;emploi des majuscules \u00e0 l&rsquo;utilisation de l&rsquo;italique, des abr\u00e9viations [&hellip;]<\/p>\n","protected":false},"featured_media":3597,"template":"","meta":{"_et_pb_use_builder":"on","_et_pb_old_content":"","_et_gb_content_width":""},"product_cat":[141],"product_tag":[],"_links":{"self":[{"href":"https:\/\/editionsouverture.ch\/wp2019\/wp-json\/wp\/v2\/product\/4631"}],"collection":[{"href":"https:\/\/editionsouverture.ch\/wp2019\/wp-json\/wp\/v2\/product"}],"about":[{"href":"https:\/\/editionsouverture.ch\/wp2019\/wp-json\/wp\/v2\/types\/product"}],"wp:featuredmedia":[{"embeddable":true,"href":"https:\/\/editionsouverture.ch\/wp2019\/wp-json\/wp\/v2\/media\/3597"}],"wp:attachment":[{"href":"https:\/\/editionsouverture.ch\/wp2019\/wp-json\/wp\/v2\/media?parent=4631"}],"wp:term":[{"taxonomy":"product_cat","embeddable":true,"href":"https:\/\/editionsouverture.ch\/wp2019\/wp-json\/wp\/v2\/product_cat?post=4631"},{"taxonomy":"product_tag","embeddable":true,"href":"https:\/\/editionsouverture.ch\/wp2019\/wp-json\/wp\/v2\/product_tag?post=4631"}],"curies":[{"name":"wp","href":"https:\/\/api.w.org\/{rel}","templated":true}]}}