{"id":4634,"date":"2017-03-14T13:20:38","date_gmt":"2017-03-14T12:20:38","guid":{"rendered":"https:\/\/editionsouverture.ch\/wp2019\/?post_type=project&#038;p=4634"},"modified":"2019-07-31T10:31:28","modified_gmt":"2019-07-31T08:31:28","slug":"quelques-mots-quelques-traces","status":"publish","type":"product","link":"https:\/\/editionsouverture.ch\/wp2019\/livres\/livres\/quelques-mots-quelques-traces\/","title":{"rendered":"Quelques mots, quelques traces&#8230;"},"content":{"rendered":"<p>Recueillis dans ce livre, douze t\u00e9moignages pr\u00e9sentent une r\u00e9alit\u00e9 collective, \u00e0 laquelle beaucoup d\u2019autres personnes en situation de handicap, mais \u00e9galement leurs familles, peuvent se reconna\u00eetre. Leurs propos sont compl\u00e9mentaires, certains d\u2019entre eux parlent plus, d\u2019autres comprennent mais \u00e9conomisent leurs mots. Peut-\u00eatre les moins bavards ont-ils trop \u00e0 dire\u2009? Pour une fois, tous ont droit \u00e0 la parole qu\u2019elle soit br\u00e8ve ou longue.<\/p>\n","protected":false},"excerpt":{"rendered":"<p>Recueillis dans ce livre, douze t\u00e9moignages pr\u00e9sentent une r\u00e9alit\u00e9 collective, \u00e0 laquelle beaucoup d\u2019autres personnes en situation de handicap, mais \u00e9galement leurs familles, peuvent se reconna\u00eetre. Leurs propos sont compl\u00e9mentaires, certains d\u2019entre eux parlent plus, d\u2019autres comprennent mais \u00e9conomisent leurs mots. Peut-\u00eatre les moins bavards ont-ils trop \u00e0 dire\u2009? Pour une fois, tous ont droit [&hellip;]<\/p>\n","protected":false},"featured_media":3861,"template":"","meta":{"_et_pb_use_builder":"on","_et_pb_old_content":"","_et_gb_content_width":""},"product_cat":[141],"product_tag":[],"_links":{"self":[{"href":"https:\/\/editionsouverture.ch\/wp2019\/wp-json\/wp\/v2\/product\/4634"}],"collection":[{"href":"https:\/\/editionsouverture.ch\/wp2019\/wp-json\/wp\/v2\/product"}],"about":[{"href":"https:\/\/editionsouverture.ch\/wp2019\/wp-json\/wp\/v2\/types\/product"}],"wp:featuredmedia":[{"embeddable":true,"href":"https:\/\/editionsouverture.ch\/wp2019\/wp-json\/wp\/v2\/media\/3861"}],"wp:attachment":[{"href":"https:\/\/editionsouverture.ch\/wp2019\/wp-json\/wp\/v2\/media?parent=4634"}],"wp:term":[{"taxonomy":"product_cat","embeddable":true,"href":"https:\/\/editionsouverture.ch\/wp2019\/wp-json\/wp\/v2\/product_cat?post=4634"},{"taxonomy":"product_tag","embeddable":true,"href":"https:\/\/editionsouverture.ch\/wp2019\/wp-json\/wp\/v2\/product_tag?post=4634"}],"curies":[{"name":"wp","href":"https:\/\/api.w.org\/{rel}","templated":true}]}}