{"id":4643,"date":"2017-03-10T09:51:56","date_gmt":"2017-03-10T08:51:56","guid":{"rendered":"https:\/\/editionsouverture.ch\/wp2019\/?post_type=project&#038;p=4643"},"modified":"2019-07-31T10:34:19","modified_gmt":"2019-07-31T08:34:19","slug":"itineraires-97","status":"publish","type":"product","link":"https:\/\/editionsouverture.ch\/wp2019\/livres\/non class\u00e9\/itineraires-97\/","title":{"rendered":"Itin\u00e9raires 97"},"content":{"rendered":"<p>[et_pb_section fb_built=\u00a0\u00bb1&Prime; admin_label=\u00a0\u00bbsection\u00a0\u00bb _builder_version=\u00a0\u00bb3.22.3&Prime;][et_pb_row admin_label=\u00a0\u00bbrow\u00a0\u00bb _builder_version=\u00a0\u00bb3.22.3&Prime; background_size=\u00a0\u00bbinitial\u00a0\u00bb background_position=\u00a0\u00bbtop_left\u00a0\u00bb background_repeat=\u00a0\u00bbrepeat\u00a0\u00bb][et_pb_column type=\u00a0\u00bb4_4&Prime; _builder_version=\u00a0\u00bb3.0.47&Prime;][et_pb_text admin_label=\u00a0\u00bbText\u00a0\u00bb _builder_version=\u00a0\u00bb3.0.74&Prime; background_size=\u00a0\u00bbinitial\u00a0\u00bb background_position=\u00a0\u00bbtop_left\u00a0\u00bb background_repeat=\u00a0\u00bbrepeat\u00a0\u00bb]<strong>Cahier d\u2019un retour au pays natal<br \/>\n<\/strong>Ceux qui n\u2019ont invent\u00e9 ni la poudre ni la boussole<br \/>\nCeux qui n\u2019ont jamais su dompter<br \/>\nla vapeur ni l\u2019\u00e9lectricit\u00e9<br \/>\nCeux qui n\u2019ont explor\u00e9 ni les mers ni le ciel<\/p>\n<p>Mais ceux sans qui la terre ne serait pas la terre<br \/>\nGibbosit\u00e9 d\u2019autant plus bienfaisante<br \/>\nQue la terre d\u00e9serte davantage la terre<br \/>\nSilo o\u00f9 se pr\u00e9serve et m\u00fbrit<br \/>\nce que la terre a de plus terre<br \/>\nMa n\u00e9gritude n\u2019est pas une pierre<br \/>\nSa surdit\u00e9 ru\u00e9e contre la clameur du jour<br \/>\nMa n\u00e9gritude n\u2019est pas une taie d\u2019eau morte<br \/>\nSur l\u2019\u0153il mort de la terre<br \/>\nMa n\u00e9gritude n\u2019est ni une tour ni une cath\u00e9drale<\/p>\n<p>Elle plonge dans la chair rouge du sol<br \/>\nElle plonge dans la chair ardente du ciel<br \/>\nElle troue l\u2019accablement opaque<br \/>\nde sa droite patience<br \/>\n&#8230;<br \/>\nFaites-moi rebelle \u00e0 toute vanit\u00e9<br \/>\nMais docile \u00e0 son g\u00e9nie<br \/>\nComme le poing \u00e0 l\u2019allong\u00e9e du bras\u2009!<br \/>\nFaites-moi commissaire de son ressentiment<br \/>\nFaites-moi d\u00e9positaire de son sang<br \/>\nFaites de moi un homme de terminaison<br \/>\nFaites de moi un homme d\u2019initiation<br \/>\nFaites de moi un homme de recueillement<br \/>\nMais faites aussi de moi un homme<br \/>\nd\u2019ensemencement<\/p>\n<p><em>Aim\u00e9 C\u00e9saire<\/em><br \/>\n[\/et_pb_text][\/et_pb_column][\/et_pb_row][\/et_pb_section]<\/p>\n","protected":false},"excerpt":{"rendered":"<p>Cahier d\u2019un retour au pays natal Ceux qui n\u2019ont invent\u00e9 ni la poudre ni la boussole Ceux qui n\u2019ont jamais su dompter la vapeur ni l\u2019\u00e9lectricit\u00e9 Ceux qui n\u2019ont explor\u00e9 ni les mers ni le ciel Mais ceux sans qui la terre ne serait pas la terre Gibbosit\u00e9 d\u2019autant plus bienfaisante Que la terre d\u00e9serte [&hellip;]<\/p>\n","protected":false},"featured_media":3513,"template":"","meta":{"_et_pb_use_builder":"on","_et_pb_old_content":"","_et_gb_content_width":""},"product_cat":[],"product_tag":[],"_links":{"self":[{"href":"https:\/\/editionsouverture.ch\/wp2019\/wp-json\/wp\/v2\/product\/4643"}],"collection":[{"href":"https:\/\/editionsouverture.ch\/wp2019\/wp-json\/wp\/v2\/product"}],"about":[{"href":"https:\/\/editionsouverture.ch\/wp2019\/wp-json\/wp\/v2\/types\/product"}],"wp:featuredmedia":[{"embeddable":true,"href":"https:\/\/editionsouverture.ch\/wp2019\/wp-json\/wp\/v2\/media\/3513"}],"wp:attachment":[{"href":"https:\/\/editionsouverture.ch\/wp2019\/wp-json\/wp\/v2\/media?parent=4643"}],"wp:term":[{"taxonomy":"product_cat","embeddable":true,"href":"https:\/\/editionsouverture.ch\/wp2019\/wp-json\/wp\/v2\/product_cat?post=4643"},{"taxonomy":"product_tag","embeddable":true,"href":"https:\/\/editionsouverture.ch\/wp2019\/wp-json\/wp\/v2\/product_tag?post=4643"}],"curies":[{"name":"wp","href":"https:\/\/api.w.org\/{rel}","templated":true}]}}