{"id":4644,"date":"2017-03-09T16:38:36","date_gmt":"2017-03-09T15:38:36","guid":{"rendered":"https:\/\/editionsouverture.ch\/wp2019\/?post_type=project&#038;p=4644"},"modified":"2019-07-31T10:34:27","modified_gmt":"2019-07-31T08:34:27","slug":"il-y-eut-un-matin","status":"publish","type":"product","link":"https:\/\/editionsouverture.ch\/wp2019\/livres\/plaquettes\/il-y-eut-un-matin\/","title":{"rendered":"Il y eut un matin&#8230;"},"content":{"rendered":"<p>\u00ab Il y eut un soir, et il y eut un matin : ce fut le premier jour \u00bb (Gen\u00e8se 1,5). Voici une approche de la foi que l\u2019on voudrait aux dimensions de Dieu et de l\u2019univers. Cette r\u00e9flexion et m\u00e9ditation a \u00e9t\u00e9 conduite par Philippe Zeissig (1920-1992), th\u00e9ologien, pasteur, aum\u00f4nier et homme de radio. Les pages centrales sont tir\u00e9es d\u2019une \u0153uvre de Paul Gauguin (1848-1903).<\/p>\n","protected":false},"excerpt":{"rendered":"<p>\u00ab Il y eut un soir, et il y eut un matin : ce fut le premier jour \u00bb (Gen\u00e8se 1,5). Voici une approche de la foi que l\u2019on voudrait aux dimensions de Dieu et de l\u2019univers. Cette r\u00e9flexion et m\u00e9ditation a \u00e9t\u00e9 conduite par Philippe Zeissig (1920-1992), th\u00e9ologien, pasteur, aum\u00f4nier et homme de radio. [&hellip;]<\/p>\n","protected":false},"featured_media":3505,"template":"","meta":{"_et_pb_use_builder":"on","_et_pb_old_content":"","_et_gb_content_width":""},"product_cat":[143],"product_tag":[],"_links":{"self":[{"href":"https:\/\/editionsouverture.ch\/wp2019\/wp-json\/wp\/v2\/product\/4644"}],"collection":[{"href":"https:\/\/editionsouverture.ch\/wp2019\/wp-json\/wp\/v2\/product"}],"about":[{"href":"https:\/\/editionsouverture.ch\/wp2019\/wp-json\/wp\/v2\/types\/product"}],"wp:featuredmedia":[{"embeddable":true,"href":"https:\/\/editionsouverture.ch\/wp2019\/wp-json\/wp\/v2\/media\/3505"}],"wp:attachment":[{"href":"https:\/\/editionsouverture.ch\/wp2019\/wp-json\/wp\/v2\/media?parent=4644"}],"wp:term":[{"taxonomy":"product_cat","embeddable":true,"href":"https:\/\/editionsouverture.ch\/wp2019\/wp-json\/wp\/v2\/product_cat?post=4644"},{"taxonomy":"product_tag","embeddable":true,"href":"https:\/\/editionsouverture.ch\/wp2019\/wp-json\/wp\/v2\/product_tag?post=4644"}],"curies":[{"name":"wp","href":"https:\/\/api.w.org\/{rel}","templated":true}]}}