{"id":4645,"date":"2017-03-09T16:35:34","date_gmt":"2017-03-09T15:35:34","guid":{"rendered":"https:\/\/editionsouverture.ch\/wp2019\/?post_type=project&#038;p=4645"},"modified":"2019-07-31T10:34:34","modified_gmt":"2019-07-31T08:34:34","slug":"vivres-apres","status":"publish","type":"product","link":"https:\/\/editionsouverture.ch\/wp2019\/livres\/plaquettes\/vivres-apres\/","title":{"rendered":"Vivre apr\u00e8s&#8230;"},"content":{"rendered":"<p>Vivre apr\u00e8s\u2026 vous est propos\u00e9 comme un compagnon de route, \u00e0 vous et \u00e0 vos proches qui \u00eates en deuil. Cette plaquette a \u00e9t\u00e9 pr\u00e9par\u00e9e \u00e0 votre intention par un groupe de travail, soucieux de vous aider dans ce douloureux passage qui est le v\u00f4tre.<\/p>\n","protected":false},"excerpt":{"rendered":"<p>Vivre apr\u00e8s\u2026 vous est propos\u00e9 comme un compagnon de route, \u00e0 vous et \u00e0 vos proches qui \u00eates en deuil. Cette plaquette a \u00e9t\u00e9 pr\u00e9par\u00e9e \u00e0 votre intention par un groupe de travail, soucieux de vous aider dans ce douloureux passage qui est le v\u00f4tre.<\/p>\n","protected":false},"featured_media":3501,"template":"","meta":{"_et_pb_use_builder":"on","_et_pb_old_content":"","_et_gb_content_width":""},"product_cat":[143],"product_tag":[],"_links":{"self":[{"href":"https:\/\/editionsouverture.ch\/wp2019\/wp-json\/wp\/v2\/product\/4645"}],"collection":[{"href":"https:\/\/editionsouverture.ch\/wp2019\/wp-json\/wp\/v2\/product"}],"about":[{"href":"https:\/\/editionsouverture.ch\/wp2019\/wp-json\/wp\/v2\/types\/product"}],"wp:featuredmedia":[{"embeddable":true,"href":"https:\/\/editionsouverture.ch\/wp2019\/wp-json\/wp\/v2\/media\/3501"}],"wp:attachment":[{"href":"https:\/\/editionsouverture.ch\/wp2019\/wp-json\/wp\/v2\/media?parent=4645"}],"wp:term":[{"taxonomy":"product_cat","embeddable":true,"href":"https:\/\/editionsouverture.ch\/wp2019\/wp-json\/wp\/v2\/product_cat?post=4645"},{"taxonomy":"product_tag","embeddable":true,"href":"https:\/\/editionsouverture.ch\/wp2019\/wp-json\/wp\/v2\/product_tag?post=4645"}],"curies":[{"name":"wp","href":"https:\/\/api.w.org\/{rel}","templated":true}]}}