{"id":4646,"date":"2017-03-09T16:31:32","date_gmt":"2017-03-09T15:31:32","guid":{"rendered":"https:\/\/editionsouverture.ch\/wp2019\/?post_type=project&#038;p=4646"},"modified":"2019-07-31T10:34:41","modified_gmt":"2019-07-31T08:34:41","slug":"prieres","status":"publish","type":"product","link":"https:\/\/editionsouverture.ch\/wp2019\/livres\/plaquettes\/prieres\/","title":{"rendered":"Pri\u00e8res"},"content":{"rendered":"<p>Pri\u00e8res rend compte d\u2019exp\u00e9riences v\u00e9cues par des hommes et des femmes, connus ou anonymes, qui expriment avec leurs mots la br\u00fblure de leur c\u0153ur aux approches de Dieu. Cette plaquette est le fruit d\u2019un choix op\u00e9r\u00e9 par une \u00e9quipe \u0153cum\u00e9nique travaillant en milieu hospitalier.<\/p>\n","protected":false},"excerpt":{"rendered":"<p>Pri\u00e8res rend compte d\u2019exp\u00e9riences v\u00e9cues par des hommes et des femmes, connus ou anonymes, qui expriment avec leurs mots la br\u00fblure de leur c\u0153ur aux approches de Dieu. Cette plaquette est le fruit d\u2019un choix op\u00e9r\u00e9 par une \u00e9quipe \u0153cum\u00e9nique travaillant en milieu hospitalier.<\/p>\n","protected":false},"featured_media":3496,"template":"","meta":{"_et_pb_use_builder":"on","_et_pb_old_content":"","_et_gb_content_width":""},"product_cat":[143],"product_tag":[],"_links":{"self":[{"href":"https:\/\/editionsouverture.ch\/wp2019\/wp-json\/wp\/v2\/product\/4646"}],"collection":[{"href":"https:\/\/editionsouverture.ch\/wp2019\/wp-json\/wp\/v2\/product"}],"about":[{"href":"https:\/\/editionsouverture.ch\/wp2019\/wp-json\/wp\/v2\/types\/product"}],"wp:featuredmedia":[{"embeddable":true,"href":"https:\/\/editionsouverture.ch\/wp2019\/wp-json\/wp\/v2\/media\/3496"}],"wp:attachment":[{"href":"https:\/\/editionsouverture.ch\/wp2019\/wp-json\/wp\/v2\/media?parent=4646"}],"wp:term":[{"taxonomy":"product_cat","embeddable":true,"href":"https:\/\/editionsouverture.ch\/wp2019\/wp-json\/wp\/v2\/product_cat?post=4646"},{"taxonomy":"product_tag","embeddable":true,"href":"https:\/\/editionsouverture.ch\/wp2019\/wp-json\/wp\/v2\/product_tag?post=4646"}],"curies":[{"name":"wp","href":"https:\/\/api.w.org\/{rel}","templated":true}]}}