{"id":4647,"date":"2017-03-09T16:27:13","date_gmt":"2017-03-09T15:27:13","guid":{"rendered":"https:\/\/editionsouverture.ch\/wp2019\/?post_type=project&#038;p=4647"},"modified":"2019-07-31T10:34:47","modified_gmt":"2019-07-31T08:34:47","slug":"bapteme","status":"publish","type":"product","link":"https:\/\/editionsouverture.ch\/wp2019\/livres\/plaquettes\/bapteme\/","title":{"rendered":"B\u00e2pteme"},"content":{"rendered":"<p>Que le bapt\u00eame se situe au tout d\u00e9but de notre vie ou qu\u2019il intervienne \u00e0 l\u2019\u00e2ge adulte, qu\u2019en est-il vraiment de ce signe de sa pr\u00e9sence ? Laissez-vous interpeller par les pages qui suivent. Car l\u2019essentiel, ici, n\u2019est pas de savoir comment administrer le bapt\u00eame, mais comment le vivre. Tel est le v\u0153u de l\u2019\u00e9quipe \u0153cum\u00e9nique qui a r\u00e9alis\u00e9 cette plaquette.<\/p>\n","protected":false},"excerpt":{"rendered":"<p>Que le bapt\u00eame se situe au tout d\u00e9but de notre vie ou qu\u2019il intervienne \u00e0 l\u2019\u00e2ge adulte, qu\u2019en est-il vraiment de ce signe de sa pr\u00e9sence ? Laissez-vous interpeller par les pages qui suivent. Car l\u2019essentiel, ici, n\u2019est pas de savoir comment administrer le bapt\u00eame, mais comment le vivre. Tel est le v\u0153u de l\u2019\u00e9quipe [&hellip;]<\/p>\n","protected":false},"featured_media":3492,"template":"","meta":{"_et_pb_use_builder":"on","_et_pb_old_content":"","_et_gb_content_width":""},"product_cat":[143],"product_tag":[],"_links":{"self":[{"href":"https:\/\/editionsouverture.ch\/wp2019\/wp-json\/wp\/v2\/product\/4647"}],"collection":[{"href":"https:\/\/editionsouverture.ch\/wp2019\/wp-json\/wp\/v2\/product"}],"about":[{"href":"https:\/\/editionsouverture.ch\/wp2019\/wp-json\/wp\/v2\/types\/product"}],"wp:featuredmedia":[{"embeddable":true,"href":"https:\/\/editionsouverture.ch\/wp2019\/wp-json\/wp\/v2\/media\/3492"}],"wp:attachment":[{"href":"https:\/\/editionsouverture.ch\/wp2019\/wp-json\/wp\/v2\/media?parent=4647"}],"wp:term":[{"taxonomy":"product_cat","embeddable":true,"href":"https:\/\/editionsouverture.ch\/wp2019\/wp-json\/wp\/v2\/product_cat?post=4647"},{"taxonomy":"product_tag","embeddable":true,"href":"https:\/\/editionsouverture.ch\/wp2019\/wp-json\/wp\/v2\/product_tag?post=4647"}],"curies":[{"name":"wp","href":"https:\/\/api.w.org\/{rel}","templated":true}]}}