{"id":4649,"date":"2017-03-09T16:11:06","date_gmt":"2017-03-09T15:11:06","guid":{"rendered":"https:\/\/editionsouverture.ch\/wp2019\/?post_type=project&#038;p=4649"},"modified":"2019-07-31T10:35:06","modified_gmt":"2019-07-31T08:35:06","slug":"des-calories-pour-la-vie","status":"publish","type":"product","link":"https:\/\/editionsouverture.ch\/wp2019\/livres\/plaquettes\/des-calories-pour-la-vie\/","title":{"rendered":"Des calories pour la Vie !"},"content":{"rendered":"<p>Vous est-il d\u00e9j\u00e0 arriv\u00e9 de trouver dans votre bo\u00eete aux lettres, le m\u00eame jour, deux courriers qui s\u2019entrechoquent ?<br \/>\nL\u2019un vous propose de br\u00fbler, sans modifier vos habitudes alimentaires, ces calories ing\u00e9r\u00e9es en exc\u00e8s qui vous font grossir et vous pourrissent la vie.<\/p>\n<p>L\u2019autre vous sollicite par la photo d\u2019un b\u00e9b\u00e9 squelettique, dont les yeux exorbit\u00e9s vous fixent, dans les bras d\u00e9charn\u00e9s de sa m\u00e8re implorante.<\/p>\n<p>Face \u00e0 cette situation absurde et scandaleuse, des sentiments de col\u00e8re, d\u2019indignation ou d\u2019impuissance peuvent s\u2019entrem\u00ealer. \u00ab C\u2019est insupportable ! Mais que font donc les gouvernements ? Apr\u00e8s tout, je ne peux pas porter tout le malheur du monde ! \u00bb.<br \/>\nCes appels au secours nous mettent mal \u00e0 l\u2019aise, on leur en voudrait de venir troubler notre qui\u00e9tude. Mais ne plus les voir, ni les entendre, c\u2019est \u00e9paissir notre carapace d\u2019indiff\u00e9rence. Les oublier ? C\u2019est impossible ! D\u00e9plorer ce triste \u00e9tat de fait, puis passer rapidement \u00e0 autre chose : cela ne sert \u00e0 rien, et ne nous d\u00e9barrasse m\u00eame pas de notre mauvaise conscience\u2026<br \/>\nIl y a mieux \u00e0 faire !<\/p>\n","protected":false},"excerpt":{"rendered":"<p>Vous est-il d\u00e9j\u00e0 arriv\u00e9 de trouver dans votre bo\u00eete aux lettres, le m\u00eame jour, deux courriers qui s\u2019entrechoquent ? L\u2019un vous propose de br\u00fbler, sans modifier vos habitudes alimentaires, ces calories ing\u00e9r\u00e9es en exc\u00e8s qui vous font grossir et vous pourrissent la vie. L\u2019autre vous sollicite par la photo d\u2019un b\u00e9b\u00e9 squelettique, dont les yeux [&hellip;]<\/p>\n","protected":false},"featured_media":3484,"template":"","meta":{"_et_pb_use_builder":"on","_et_pb_old_content":"","_et_gb_content_width":""},"product_cat":[143],"product_tag":[],"_links":{"self":[{"href":"https:\/\/editionsouverture.ch\/wp2019\/wp-json\/wp\/v2\/product\/4649"}],"collection":[{"href":"https:\/\/editionsouverture.ch\/wp2019\/wp-json\/wp\/v2\/product"}],"about":[{"href":"https:\/\/editionsouverture.ch\/wp2019\/wp-json\/wp\/v2\/types\/product"}],"wp:featuredmedia":[{"embeddable":true,"href":"https:\/\/editionsouverture.ch\/wp2019\/wp-json\/wp\/v2\/media\/3484"}],"wp:attachment":[{"href":"https:\/\/editionsouverture.ch\/wp2019\/wp-json\/wp\/v2\/media?parent=4649"}],"wp:term":[{"taxonomy":"product_cat","embeddable":true,"href":"https:\/\/editionsouverture.ch\/wp2019\/wp-json\/wp\/v2\/product_cat?post=4649"},{"taxonomy":"product_tag","embeddable":true,"href":"https:\/\/editionsouverture.ch\/wp2019\/wp-json\/wp\/v2\/product_tag?post=4649"}],"curies":[{"name":"wp","href":"https:\/\/api.w.org\/{rel}","templated":true}]}}