{"id":4650,"date":"2017-03-09T12:19:15","date_gmt":"2017-03-09T11:19:15","guid":{"rendered":"https:\/\/editionsouverture.ch\/wp2019\/?post_type=project&#038;p=4650"},"modified":"2019-07-31T10:35:11","modified_gmt":"2019-07-31T08:35:11","slug":"metaphores-de-lecoute-a-limage","status":"publish","type":"product","link":"https:\/\/editionsouverture.ch\/wp2019\/livres\/plaquettes\/metaphores-de-lecoute-a-limage\/","title":{"rendered":"M\u00e9taphores, de l&rsquo;\u00e9coute \u00e0 l&rsquo;image"},"content":{"rendered":"<p>Mieux je sais qui je suis<br \/>\net ce que je veux,<br \/>\nmoins je risque de rester<br \/>\nd\u00e9pendant des autres<br \/>\net de ce qu&rsquo;ils pensent de moi.<br \/>\nC&rsquo;est ce qu&rsquo;on appelle l&rsquo;autonomie.<\/p>\n<p>Un arbre ne peut pas d\u00e9velopper ses branches<br \/>\n\u00e0 partir des troncs des arbres voisins;<br \/>\nil ne peut cro\u00eetre qu&rsquo;\u00e0 partir de son propre tronc.<\/p>\n","protected":false},"excerpt":{"rendered":"<p>Mieux je sais qui je suis et ce que je veux, moins je risque de rester d\u00e9pendant des autres et de ce qu&rsquo;ils pensent de moi. C&rsquo;est ce qu&rsquo;on appelle l&rsquo;autonomie. Un arbre ne peut pas d\u00e9velopper ses branches \u00e0 partir des troncs des arbres voisins; il ne peut cro\u00eetre qu&rsquo;\u00e0 partir de son propre [&hellip;]<\/p>\n","protected":false},"featured_media":3472,"template":"","meta":{"_et_pb_use_builder":"on","_et_pb_old_content":"","_et_gb_content_width":""},"product_cat":[143],"product_tag":[],"_links":{"self":[{"href":"https:\/\/editionsouverture.ch\/wp2019\/wp-json\/wp\/v2\/product\/4650"}],"collection":[{"href":"https:\/\/editionsouverture.ch\/wp2019\/wp-json\/wp\/v2\/product"}],"about":[{"href":"https:\/\/editionsouverture.ch\/wp2019\/wp-json\/wp\/v2\/types\/product"}],"wp:featuredmedia":[{"embeddable":true,"href":"https:\/\/editionsouverture.ch\/wp2019\/wp-json\/wp\/v2\/media\/3472"}],"wp:attachment":[{"href":"https:\/\/editionsouverture.ch\/wp2019\/wp-json\/wp\/v2\/media?parent=4650"}],"wp:term":[{"taxonomy":"product_cat","embeddable":true,"href":"https:\/\/editionsouverture.ch\/wp2019\/wp-json\/wp\/v2\/product_cat?post=4650"},{"taxonomy":"product_tag","embeddable":true,"href":"https:\/\/editionsouverture.ch\/wp2019\/wp-json\/wp\/v2\/product_tag?post=4650"}],"curies":[{"name":"wp","href":"https:\/\/api.w.org\/{rel}","templated":true}]}}