{"id":4652,"date":"2017-03-09T11:59:17","date_gmt":"2017-03-09T10:59:17","guid":{"rendered":"https:\/\/editionsouverture.ch\/wp2019\/?post_type=project&#038;p=4652"},"modified":"2019-07-31T10:35:25","modified_gmt":"2019-07-31T08:35:25","slug":"alzheimer-rien-ne-sera-plus-comme-avant","status":"publish","type":"product","link":"https:\/\/editionsouverture.ch\/wp2019\/livres\/plaquettes\/alzheimer-rien-ne-sera-plus-comme-avant\/","title":{"rendered":"Alzheimer, rien ne sera plus comme avant"},"content":{"rendered":"<p>Je ne suis s\u00fbre que de tr\u00e8s peu de choses.<br \/>\nMais de deux, assur\u00e9ment<\/p>\n<p>La premi\u00e8re est que la vie passe tr\u00e8s tr\u00e8s vite.<br \/>\nLa deuxi\u00e8me est qu&rsquo;il est impossible<br \/>\nde revenir en arri\u00e8re pour recommencer<br \/>\nou refaire quoi que ce soit.<\/p>\n<p>Donc&#8230; chaque jour est unique.<br \/>\nChaque jour est un jour important, essentiel.<br \/>\nEn prendre conscience,<br \/>\nc&rsquo;est s&rsquo;\u00e9veiller devant un merveilleux cadeau.<br \/>\nEn prendre conscience, c&rsquo;est rendre gr\u00e2ce.<\/p>\n<p><em>Annie Graffagnino<\/em><\/p>\n","protected":false},"excerpt":{"rendered":"<p>Je ne suis s\u00fbre que de tr\u00e8s peu de choses. Mais de deux, assur\u00e9ment La premi\u00e8re est que la vie passe tr\u00e8s tr\u00e8s vite. La deuxi\u00e8me est qu&rsquo;il est impossible de revenir en arri\u00e8re pour recommencer ou refaire quoi que ce soit. Donc&#8230; chaque jour est unique. Chaque jour est un jour important, essentiel. En [&hellip;]<\/p>\n","protected":false},"featured_media":3464,"template":"","meta":{"_et_pb_use_builder":"on","_et_pb_old_content":"","_et_gb_content_width":""},"product_cat":[143],"product_tag":[],"_links":{"self":[{"href":"https:\/\/editionsouverture.ch\/wp2019\/wp-json\/wp\/v2\/product\/4652"}],"collection":[{"href":"https:\/\/editionsouverture.ch\/wp2019\/wp-json\/wp\/v2\/product"}],"about":[{"href":"https:\/\/editionsouverture.ch\/wp2019\/wp-json\/wp\/v2\/types\/product"}],"wp:featuredmedia":[{"embeddable":true,"href":"https:\/\/editionsouverture.ch\/wp2019\/wp-json\/wp\/v2\/media\/3464"}],"wp:attachment":[{"href":"https:\/\/editionsouverture.ch\/wp2019\/wp-json\/wp\/v2\/media?parent=4652"}],"wp:term":[{"taxonomy":"product_cat","embeddable":true,"href":"https:\/\/editionsouverture.ch\/wp2019\/wp-json\/wp\/v2\/product_cat?post=4652"},{"taxonomy":"product_tag","embeddable":true,"href":"https:\/\/editionsouverture.ch\/wp2019\/wp-json\/wp\/v2\/product_tag?post=4652"}],"curies":[{"name":"wp","href":"https:\/\/api.w.org\/{rel}","templated":true}]}}