{"id":4654,"date":"2017-03-09T11:45:59","date_gmt":"2017-03-09T10:45:59","guid":{"rendered":"https:\/\/editionsouverture.ch\/wp2019\/?post_type=project&#038;p=4654"},"modified":"2019-07-31T10:35:38","modified_gmt":"2019-07-31T08:35:38","slug":"un-chemin-pour-renaitre-le-pardon","status":"publish","type":"product","link":"https:\/\/editionsouverture.ch\/wp2019\/livres\/plaquettes\/un-chemin-pour-renaitre-le-pardon\/","title":{"rendered":"Un chemin pour rena\u00eetre, le pardon"},"content":{"rendered":"<p>Le pardon des autres n&rsquo;est rien<br \/>\nSi je ne sais vivre le mien<br \/>\nEnfin \u00e0 moi r\u00e9concili\u00e9<br \/>\nPar la pri\u00e8re conseill\u00e9<br \/>\nPour pouvoir aimer son prochain<br \/>\nIl faut s&rsquo;aimer mieux soi-m\u00eame<br \/>\nOn se m\u00e9prise \u2013 on garde haine<br \/>\nAlors comment aimer les autres<br \/>\nQuand soi-m\u00eame on ne s&rsquo;aime pas?<\/p>\n<p><em>C.F. Landry<\/em><\/p>\n","protected":false},"excerpt":{"rendered":"<p>Le pardon des autres n&rsquo;est rien Si je ne sais vivre le mien Enfin \u00e0 moi r\u00e9concili\u00e9 Par la pri\u00e8re conseill\u00e9 Pour pouvoir aimer son prochain Il faut s&rsquo;aimer mieux soi-m\u00eame On se m\u00e9prise \u2013 on garde haine Alors comment aimer les autres Quand soi-m\u00eame on ne s&rsquo;aime pas? C.F. Landry<\/p>\n","protected":false},"featured_media":3456,"template":"","meta":{"_et_pb_use_builder":"on","_et_pb_old_content":"","_et_gb_content_width":""},"product_cat":[143],"product_tag":[],"_links":{"self":[{"href":"https:\/\/editionsouverture.ch\/wp2019\/wp-json\/wp\/v2\/product\/4654"}],"collection":[{"href":"https:\/\/editionsouverture.ch\/wp2019\/wp-json\/wp\/v2\/product"}],"about":[{"href":"https:\/\/editionsouverture.ch\/wp2019\/wp-json\/wp\/v2\/types\/product"}],"wp:featuredmedia":[{"embeddable":true,"href":"https:\/\/editionsouverture.ch\/wp2019\/wp-json\/wp\/v2\/media\/3456"}],"wp:attachment":[{"href":"https:\/\/editionsouverture.ch\/wp2019\/wp-json\/wp\/v2\/media?parent=4654"}],"wp:term":[{"taxonomy":"product_cat","embeddable":true,"href":"https:\/\/editionsouverture.ch\/wp2019\/wp-json\/wp\/v2\/product_cat?post=4654"},{"taxonomy":"product_tag","embeddable":true,"href":"https:\/\/editionsouverture.ch\/wp2019\/wp-json\/wp\/v2\/product_tag?post=4654"}],"curies":[{"name":"wp","href":"https:\/\/api.w.org\/{rel}","templated":true}]}}