{"id":4656,"date":"2017-03-09T11:23:09","date_gmt":"2017-03-09T10:23:09","guid":{"rendered":"https:\/\/editionsouverture.ch\/wp2019\/?post_type=project&#038;p=4656"},"modified":"2019-07-31T10:35:59","modified_gmt":"2019-07-31T08:35:59","slug":"des-esperances","status":"publish","type":"product","link":"https:\/\/editionsouverture.ch\/wp2019\/livres\/plaquettes\/des-esperances\/","title":{"rendered":"Des esp\u00e9rances"},"content":{"rendered":"<p>Pour cr\u00e9er, Dieu s\u00e9pare<br \/>\nla lumi\u00e8re et les t\u00e9n\u00e8bres,<br \/>\nl&rsquo;eau et le sec,<br \/>\nle ciel et la terre.<\/p>\n<p>Cr\u00e9er, c&rsquo;est choisir,<br \/>\net choisir, c&rsquo;est s\u00e9parer,<br \/>\nc&rsquo;est arracher.<\/p>\n<p>Pour que naisse<br \/>\nce qui n&rsquo;est pas encore,<br \/>\nil faut que meure ce qui est&#8230;<\/p>\n<p><em>Jean Debruynne<\/em><\/p>\n","protected":false},"excerpt":{"rendered":"<p>Pour cr\u00e9er, Dieu s\u00e9pare la lumi\u00e8re et les t\u00e9n\u00e8bres, l&rsquo;eau et le sec, le ciel et la terre. Cr\u00e9er, c&rsquo;est choisir, et choisir, c&rsquo;est s\u00e9parer, c&rsquo;est arracher. Pour que naisse ce qui n&rsquo;est pas encore, il faut que meure ce qui est&#8230; Jean Debruynne<\/p>\n","protected":false},"featured_media":3447,"template":"","meta":{"_et_pb_use_builder":"on","_et_pb_old_content":"","_et_gb_content_width":""},"product_cat":[143],"product_tag":[],"_links":{"self":[{"href":"https:\/\/editionsouverture.ch\/wp2019\/wp-json\/wp\/v2\/product\/4656"}],"collection":[{"href":"https:\/\/editionsouverture.ch\/wp2019\/wp-json\/wp\/v2\/product"}],"about":[{"href":"https:\/\/editionsouverture.ch\/wp2019\/wp-json\/wp\/v2\/types\/product"}],"wp:featuredmedia":[{"embeddable":true,"href":"https:\/\/editionsouverture.ch\/wp2019\/wp-json\/wp\/v2\/media\/3447"}],"wp:attachment":[{"href":"https:\/\/editionsouverture.ch\/wp2019\/wp-json\/wp\/v2\/media?parent=4656"}],"wp:term":[{"taxonomy":"product_cat","embeddable":true,"href":"https:\/\/editionsouverture.ch\/wp2019\/wp-json\/wp\/v2\/product_cat?post=4656"},{"taxonomy":"product_tag","embeddable":true,"href":"https:\/\/editionsouverture.ch\/wp2019\/wp-json\/wp\/v2\/product_tag?post=4656"}],"curies":[{"name":"wp","href":"https:\/\/api.w.org\/{rel}","templated":true}]}}