{"id":4658,"date":"2017-03-09T11:09:54","date_gmt":"2017-03-09T10:09:54","guid":{"rendered":"https:\/\/editionsouverture.ch\/wp2019\/?post_type=project&#038;p=4658"},"modified":"2019-07-31T10:36:13","modified_gmt":"2019-07-31T08:36:13","slug":"au-dela-de-la-solitude","status":"publish","type":"product","link":"https:\/\/editionsouverture.ch\/wp2019\/livres\/plaquettes\/au-dela-de-la-solitude\/","title":{"rendered":"Au-del\u00e0 de la solitude"},"content":{"rendered":"<p>C&rsquo;est dans la solitude<br \/>\nque j&rsquo;ai appris \u00e0 me conna\u00eetre<br \/>\net \u00e0 conna\u00eetre les autres.<\/p>\n<p><em>Henri Pestalozzi<\/em><\/p>\n","protected":false},"excerpt":{"rendered":"<p>C&rsquo;est dans la solitude que j&rsquo;ai appris \u00e0 me conna\u00eetre et \u00e0 conna\u00eetre les autres. Henri Pestalozzi<\/p>\n","protected":false},"featured_media":3437,"template":"","meta":{"_et_pb_use_builder":"on","_et_pb_old_content":"","_et_gb_content_width":""},"product_cat":[143],"product_tag":[],"_links":{"self":[{"href":"https:\/\/editionsouverture.ch\/wp2019\/wp-json\/wp\/v2\/product\/4658"}],"collection":[{"href":"https:\/\/editionsouverture.ch\/wp2019\/wp-json\/wp\/v2\/product"}],"about":[{"href":"https:\/\/editionsouverture.ch\/wp2019\/wp-json\/wp\/v2\/types\/product"}],"wp:featuredmedia":[{"embeddable":true,"href":"https:\/\/editionsouverture.ch\/wp2019\/wp-json\/wp\/v2\/media\/3437"}],"wp:attachment":[{"href":"https:\/\/editionsouverture.ch\/wp2019\/wp-json\/wp\/v2\/media?parent=4658"}],"wp:term":[{"taxonomy":"product_cat","embeddable":true,"href":"https:\/\/editionsouverture.ch\/wp2019\/wp-json\/wp\/v2\/product_cat?post=4658"},{"taxonomy":"product_tag","embeddable":true,"href":"https:\/\/editionsouverture.ch\/wp2019\/wp-json\/wp\/v2\/product_tag?post=4658"}],"curies":[{"name":"wp","href":"https:\/\/api.w.org\/{rel}","templated":true}]}}