{"id":4659,"date":"2017-03-09T11:03:07","date_gmt":"2017-03-09T10:03:07","guid":{"rendered":"https:\/\/editionsouverture.ch\/wp2019\/?post_type=project&#038;p=4659"},"modified":"2019-07-31T10:36:20","modified_gmt":"2019-07-31T08:36:20","slug":"risquer-dieu","status":"publish","type":"product","link":"https:\/\/editionsouverture.ch\/wp2019\/livres\/plaquettes\/risquer-dieu\/","title":{"rendered":"Risquer Dieu"},"content":{"rendered":"<p>Merci \u00e0 Dieu pour tout ce qu&rsquo;il a fait<br \/>\nMerci pour tout&#8230; Grand merci!<\/p>\n<p>M\u00eame si, pour \u00e9crire,<br \/>\nj&rsquo;avais la terre comme page,<br \/>\net puis la mer comme encrier,<br \/>\njamais je n&rsquo;en aurais assez<br \/>\nje n&rsquo;en aurais jamais assez<br \/>\npour te dire un assez grand merci,<br \/>\nMon Seigneur J\u00e9sus.<\/p>\n<p><em>Loriane<\/em><\/p>\n","protected":false},"excerpt":{"rendered":"<p>Merci \u00e0 Dieu pour tout ce qu&rsquo;il a fait Merci pour tout&#8230; Grand merci! M\u00eame si, pour \u00e9crire, j&rsquo;avais la terre comme page, et puis la mer comme encrier, jamais je n&rsquo;en aurais assez je n&rsquo;en aurais jamais assez pour te dire un assez grand merci, Mon Seigneur J\u00e9sus. Loriane<\/p>\n","protected":false},"featured_media":3433,"template":"","meta":{"_et_pb_use_builder":"on","_et_pb_old_content":"","_et_gb_content_width":""},"product_cat":[143],"product_tag":[],"_links":{"self":[{"href":"https:\/\/editionsouverture.ch\/wp2019\/wp-json\/wp\/v2\/product\/4659"}],"collection":[{"href":"https:\/\/editionsouverture.ch\/wp2019\/wp-json\/wp\/v2\/product"}],"about":[{"href":"https:\/\/editionsouverture.ch\/wp2019\/wp-json\/wp\/v2\/types\/product"}],"wp:featuredmedia":[{"embeddable":true,"href":"https:\/\/editionsouverture.ch\/wp2019\/wp-json\/wp\/v2\/media\/3433"}],"wp:attachment":[{"href":"https:\/\/editionsouverture.ch\/wp2019\/wp-json\/wp\/v2\/media?parent=4659"}],"wp:term":[{"taxonomy":"product_cat","embeddable":true,"href":"https:\/\/editionsouverture.ch\/wp2019\/wp-json\/wp\/v2\/product_cat?post=4659"},{"taxonomy":"product_tag","embeddable":true,"href":"https:\/\/editionsouverture.ch\/wp2019\/wp-json\/wp\/v2\/product_tag?post=4659"}],"curies":[{"name":"wp","href":"https:\/\/api.w.org\/{rel}","templated":true}]}}