{"id":4662,"date":"2017-03-09T10:38:38","date_gmt":"2017-03-09T09:38:38","guid":{"rendered":"https:\/\/editionsouverture.ch\/wp2019\/?post_type=project&#038;p=4662"},"modified":"2019-07-31T10:36:37","modified_gmt":"2019-07-31T08:36:37","slug":"au-bout-de-langoisse","status":"publish","type":"product","link":"https:\/\/editionsouverture.ch\/wp2019\/livres\/plaquettes\/au-bout-de-langoisse\/","title":{"rendered":"Au bout de l&rsquo;angoisse"},"content":{"rendered":"<p>Quand ils n&rsquo;auront plus<br \/>\nsur les l\u00e8vres que l&rsquo;infinie<br \/>\nlitanie des d\u00e9sastres<\/p>\n<p>&#8230; dis-leur surtout<br \/>\nque la lumi\u00e8re attend<br \/>\nde na\u00eetre sous leurs pas<br \/>\ndans le terreau<br \/>\nde leur toute-fragilit\u00e9<br \/>\nreconnue<\/p>\n<p><em>Francine Carrillo<\/em><\/p>\n","protected":false},"excerpt":{"rendered":"<p>Quand ils n&rsquo;auront plus sur les l\u00e8vres que l&rsquo;infinie litanie des d\u00e9sastres &#8230; dis-leur surtout que la lumi\u00e8re attend de na\u00eetre sous leurs pas dans le terreau de leur toute-fragilit\u00e9 reconnue Francine Carrillo<\/p>\n","protected":false},"featured_media":3421,"template":"","meta":{"_et_pb_use_builder":"on","_et_pb_old_content":"","_et_gb_content_width":""},"product_cat":[143],"product_tag":[],"_links":{"self":[{"href":"https:\/\/editionsouverture.ch\/wp2019\/wp-json\/wp\/v2\/product\/4662"}],"collection":[{"href":"https:\/\/editionsouverture.ch\/wp2019\/wp-json\/wp\/v2\/product"}],"about":[{"href":"https:\/\/editionsouverture.ch\/wp2019\/wp-json\/wp\/v2\/types\/product"}],"wp:featuredmedia":[{"embeddable":true,"href":"https:\/\/editionsouverture.ch\/wp2019\/wp-json\/wp\/v2\/media\/3421"}],"wp:attachment":[{"href":"https:\/\/editionsouverture.ch\/wp2019\/wp-json\/wp\/v2\/media?parent=4662"}],"wp:term":[{"taxonomy":"product_cat","embeddable":true,"href":"https:\/\/editionsouverture.ch\/wp2019\/wp-json\/wp\/v2\/product_cat?post=4662"},{"taxonomy":"product_tag","embeddable":true,"href":"https:\/\/editionsouverture.ch\/wp2019\/wp-json\/wp\/v2\/product_tag?post=4662"}],"curies":[{"name":"wp","href":"https:\/\/api.w.org\/{rel}","templated":true}]}}