{"id":4663,"date":"2017-03-08T15:16:28","date_gmt":"2017-03-08T14:16:28","guid":{"rendered":"https:\/\/editionsouverture.ch\/wp2019\/?post_type=project&#038;p=4663"},"modified":"2019-07-31T10:36:43","modified_gmt":"2019-07-31T08:36:43","slug":"tu-es-venu-de-loin","status":"publish","type":"product","link":"https:\/\/editionsouverture.ch\/wp2019\/livres\/plaquettes\/tu-es-venu-de-loin\/","title":{"rendered":"Tu es venu de loin&#8230;"},"content":{"rendered":"<p>Toute la r\u00e9volte de l&rsquo;Asie<br \/>\ncontre l&rsquo;Europe<br \/>\nprovient de notre m\u00e9connaissance<br \/>\ndu droit sacr\u00e9<br \/>\nd&rsquo;asile et d&rsquo;hospitalit\u00e9.<\/p>\n<p><em>Louis Massignon<\/em><\/p>\n","protected":false},"excerpt":{"rendered":"<p>Toute la r\u00e9volte de l&rsquo;Asie contre l&rsquo;Europe provient de notre m\u00e9connaissance du droit sacr\u00e9 d&rsquo;asile et d&rsquo;hospitalit\u00e9. Louis Massignon<\/p>\n","protected":false},"featured_media":3415,"template":"","meta":{"_et_pb_use_builder":"on","_et_pb_old_content":"","_et_gb_content_width":""},"product_cat":[143],"product_tag":[],"_links":{"self":[{"href":"https:\/\/editionsouverture.ch\/wp2019\/wp-json\/wp\/v2\/product\/4663"}],"collection":[{"href":"https:\/\/editionsouverture.ch\/wp2019\/wp-json\/wp\/v2\/product"}],"about":[{"href":"https:\/\/editionsouverture.ch\/wp2019\/wp-json\/wp\/v2\/types\/product"}],"wp:featuredmedia":[{"embeddable":true,"href":"https:\/\/editionsouverture.ch\/wp2019\/wp-json\/wp\/v2\/media\/3415"}],"wp:attachment":[{"href":"https:\/\/editionsouverture.ch\/wp2019\/wp-json\/wp\/v2\/media?parent=4663"}],"wp:term":[{"taxonomy":"product_cat","embeddable":true,"href":"https:\/\/editionsouverture.ch\/wp2019\/wp-json\/wp\/v2\/product_cat?post=4663"},{"taxonomy":"product_tag","embeddable":true,"href":"https:\/\/editionsouverture.ch\/wp2019\/wp-json\/wp\/v2\/product_tag?post=4663"}],"curies":[{"name":"wp","href":"https:\/\/api.w.org\/{rel}","templated":true}]}}