{"id":4664,"date":"2017-03-08T15:11:35","date_gmt":"2017-03-08T14:11:35","guid":{"rendered":"https:\/\/editionsouverture.ch\/wp2019\/?post_type=project&#038;p=4664"},"modified":"2019-07-31T10:36:50","modified_gmt":"2019-07-31T08:36:50","slug":"salut-la-vie","status":"publish","type":"product","link":"https:\/\/editionsouverture.ch\/wp2019\/livres\/plaquettes\/salut-la-vie\/","title":{"rendered":"Salut la vie!"},"content":{"rendered":"<p>Il faut mener la guerre la plus dure<br \/>\nqui est la guerre contre soi-m\u00eame.<br \/>\nIl faut arriver \u00e0 se d\u00e9sarmer&#8230;<br \/>\nSi l&rsquo;on se d\u00e9sarme,<br \/>\nsi l&rsquo;on se d\u00e9poss\u00e8de,<br \/>\nsi l&rsquo;on s&rsquo;ouvre au Dieu Homme<br \/>\nqui fait toutes choses nouvelles,<br \/>\nalors, Lui, efface<br \/>\nle mauvaise pass\u00e9<br \/>\net nous rend un temps neuf<br \/>\no\u00f9 tout est possible<\/p>\n<p><em>Patriarche Ath\u00e9nagoras<\/em><\/p>\n","protected":false},"excerpt":{"rendered":"<p>Il faut mener la guerre la plus dure qui est la guerre contre soi-m\u00eame. Il faut arriver \u00e0 se d\u00e9sarmer&#8230; Si l&rsquo;on se d\u00e9sarme, si l&rsquo;on se d\u00e9poss\u00e8de, si l&rsquo;on s&rsquo;ouvre au Dieu Homme qui fait toutes choses nouvelles, alors, Lui, efface le mauvaise pass\u00e9 et nous rend un temps neuf o\u00f9 tout est possible [&hellip;]<\/p>\n","protected":false},"featured_media":3411,"template":"","meta":{"_et_pb_use_builder":"on","_et_pb_old_content":"","_et_gb_content_width":""},"product_cat":[143],"product_tag":[],"_links":{"self":[{"href":"https:\/\/editionsouverture.ch\/wp2019\/wp-json\/wp\/v2\/product\/4664"}],"collection":[{"href":"https:\/\/editionsouverture.ch\/wp2019\/wp-json\/wp\/v2\/product"}],"about":[{"href":"https:\/\/editionsouverture.ch\/wp2019\/wp-json\/wp\/v2\/types\/product"}],"wp:featuredmedia":[{"embeddable":true,"href":"https:\/\/editionsouverture.ch\/wp2019\/wp-json\/wp\/v2\/media\/3411"}],"wp:attachment":[{"href":"https:\/\/editionsouverture.ch\/wp2019\/wp-json\/wp\/v2\/media?parent=4664"}],"wp:term":[{"taxonomy":"product_cat","embeddable":true,"href":"https:\/\/editionsouverture.ch\/wp2019\/wp-json\/wp\/v2\/product_cat?post=4664"},{"taxonomy":"product_tag","embeddable":true,"href":"https:\/\/editionsouverture.ch\/wp2019\/wp-json\/wp\/v2\/product_tag?post=4664"}],"curies":[{"name":"wp","href":"https:\/\/api.w.org\/{rel}","templated":true}]}}