{"id":4666,"date":"2017-03-08T14:51:48","date_gmt":"2017-03-08T13:51:48","guid":{"rendered":"https:\/\/editionsouverture.ch\/wp2019\/?post_type=project&#038;p=4666"},"modified":"2019-07-31T10:37:03","modified_gmt":"2019-07-31T08:37:03","slug":"chants-des-vivants","status":"publish","type":"product","link":"https:\/\/editionsouverture.ch\/wp2019\/livres\/plaquettes\/chants-des-vivants\/","title":{"rendered":"Chants des vivants"},"content":{"rendered":"<p>La vraie mort<br \/>\nn&rsquo;est pas de mourir,<br \/>\nc&rsquo;est d&rsquo;arr\u00eater de cro\u00eetre,<br \/>\narr\u00eater de na\u00eetre,<br \/>\net on s&rsquo;arr\u00eate \u00e0 tout \u00e2ge.<\/p>\n<p>Celui qui a dit : \u00a0\u00bb Je suis la Vie \u00a0\u00bb<br \/>\nt&rsquo;attend pour te serrer<br \/>\ndans Ses bras.<\/p>\n<p><em>Louis Evely<\/em><\/p>\n","protected":false},"excerpt":{"rendered":"<p>La vraie mort n&rsquo;est pas de mourir, c&rsquo;est d&rsquo;arr\u00eater de cro\u00eetre, arr\u00eater de na\u00eetre, et on s&rsquo;arr\u00eate \u00e0 tout \u00e2ge. Celui qui a dit : \u00a0\u00bb Je suis la Vie \u00a0\u00bb t&rsquo;attend pour te serrer dans Ses bras. Louis Evely<\/p>\n","protected":false},"featured_media":3403,"template":"","meta":{"_et_pb_use_builder":"on","_et_pb_old_content":"","_et_gb_content_width":""},"product_cat":[143],"product_tag":[],"_links":{"self":[{"href":"https:\/\/editionsouverture.ch\/wp2019\/wp-json\/wp\/v2\/product\/4666"}],"collection":[{"href":"https:\/\/editionsouverture.ch\/wp2019\/wp-json\/wp\/v2\/product"}],"about":[{"href":"https:\/\/editionsouverture.ch\/wp2019\/wp-json\/wp\/v2\/types\/product"}],"wp:featuredmedia":[{"embeddable":true,"href":"https:\/\/editionsouverture.ch\/wp2019\/wp-json\/wp\/v2\/media\/3403"}],"wp:attachment":[{"href":"https:\/\/editionsouverture.ch\/wp2019\/wp-json\/wp\/v2\/media?parent=4666"}],"wp:term":[{"taxonomy":"product_cat","embeddable":true,"href":"https:\/\/editionsouverture.ch\/wp2019\/wp-json\/wp\/v2\/product_cat?post=4666"},{"taxonomy":"product_tag","embeddable":true,"href":"https:\/\/editionsouverture.ch\/wp2019\/wp-json\/wp\/v2\/product_tag?post=4666"}],"curies":[{"name":"wp","href":"https:\/\/api.w.org\/{rel}","templated":true}]}}