{"id":4668,"date":"2017-03-08T13:49:41","date_gmt":"2017-03-08T12:49:41","guid":{"rendered":"https:\/\/editionsouverture.ch\/wp2019\/?post_type=project&#038;p=4668"},"modified":"2019-07-31T10:37:16","modified_gmt":"2019-07-31T08:37:16","slug":"passage-lespoir-au-coeur-du-deuil","status":"publish","type":"product","link":"https:\/\/editionsouverture.ch\/wp2019\/livres\/plaquettes\/passage-lespoir-au-coeur-du-deuil\/","title":{"rendered":"Passage, l&rsquo;espoir au c\u0153ur du deuil"},"content":{"rendered":"<p>S&rsquo;il faut aller au cimeti\u00e8re<br \/>\nJ&rsquo;prendrai le chemin le plus long<br \/>\nJ&rsquo;ferai le chemin le plus long<br \/>\nJ&rsquo;ferai la tombe buissonni\u00e8re<br \/>\nJ&rsquo;quitterai la vie \u00e0 reculons<br \/>\nTant pis si les croqu&rsquo;morts me grondent<br \/>\nTant pis s&rsquo;ils me croient fou \u00e0 lier<br \/>\nJe veux partir pour l&rsquo;autre monde<br \/>\nPar le chemin des \u00e9coliers<\/p>\n<p><em>Georges Brassens<\/em><\/p>\n","protected":false},"excerpt":{"rendered":"<p>S&rsquo;il faut aller au cimeti\u00e8re J&rsquo;prendrai le chemin le plus long J&rsquo;ferai le chemin le plus long J&rsquo;ferai la tombe buissonni\u00e8re J&rsquo;quitterai la vie \u00e0 reculons Tant pis si les croqu&rsquo;morts me grondent Tant pis s&rsquo;ils me croient fou \u00e0 lier Je veux partir pour l&rsquo;autre monde Par le chemin des \u00e9coliers Georges Brassens<\/p>\n","protected":false},"featured_media":3394,"template":"","meta":{"_et_pb_use_builder":"on","_et_pb_old_content":"","_et_gb_content_width":""},"product_cat":[143],"product_tag":[],"_links":{"self":[{"href":"https:\/\/editionsouverture.ch\/wp2019\/wp-json\/wp\/v2\/product\/4668"}],"collection":[{"href":"https:\/\/editionsouverture.ch\/wp2019\/wp-json\/wp\/v2\/product"}],"about":[{"href":"https:\/\/editionsouverture.ch\/wp2019\/wp-json\/wp\/v2\/types\/product"}],"wp:featuredmedia":[{"embeddable":true,"href":"https:\/\/editionsouverture.ch\/wp2019\/wp-json\/wp\/v2\/media\/3394"}],"wp:attachment":[{"href":"https:\/\/editionsouverture.ch\/wp2019\/wp-json\/wp\/v2\/media?parent=4668"}],"wp:term":[{"taxonomy":"product_cat","embeddable":true,"href":"https:\/\/editionsouverture.ch\/wp2019\/wp-json\/wp\/v2\/product_cat?post=4668"},{"taxonomy":"product_tag","embeddable":true,"href":"https:\/\/editionsouverture.ch\/wp2019\/wp-json\/wp\/v2\/product_tag?post=4668"}],"curies":[{"name":"wp","href":"https:\/\/api.w.org\/{rel}","templated":true}]}}