{"id":4672,"date":"2017-03-01T10:28:10","date_gmt":"2017-03-01T09:28:10","guid":{"rendered":"https:\/\/editionsouverture.ch\/wp2019\/?post_type=project&#038;p=4672"},"modified":"2019-07-31T10:37:46","modified_gmt":"2019-07-31T08:37:46","slug":"divorce-le-deuil-de-nos-coeurs","status":"publish","type":"product","link":"https:\/\/editionsouverture.ch\/wp2019\/livres\/plaquettes\/divorce-le-deuil-de-nos-coeurs\/","title":{"rendered":"Divorce, le deuil de nos c\u0153urs"},"content":{"rendered":"<p>Pardonne-lui<br \/>\nd&rsquo;\u00eatre parti<br \/>\nd&rsquo;\u00eatre parti trop t\u00f4t<br \/>\nd&rsquo;\u00eatre parti sans t&rsquo;avoir dit adieu<br \/>\nd&rsquo;\u00eatre parti sans t&rsquo;avoir inform\u00e9<br \/>\nd&rsquo;\u00eatre parti avec ses promesses non accomplies<br \/>\nd&rsquo;\u00eatre parti avec une partie de ta vie<br \/>\nd&rsquo;\u00eatre parti avec le monde de tes r\u00eaves d&rsquo;avenir.<\/p>\n<p><em>Jean Monbourquette<\/em><\/p>\n","protected":false},"excerpt":{"rendered":"<p>Pardonne-lui d&rsquo;\u00eatre parti d&rsquo;\u00eatre parti trop t\u00f4t d&rsquo;\u00eatre parti sans t&rsquo;avoir dit adieu d&rsquo;\u00eatre parti sans t&rsquo;avoir inform\u00e9 d&rsquo;\u00eatre parti avec ses promesses non accomplies d&rsquo;\u00eatre parti avec une partie de ta vie d&rsquo;\u00eatre parti avec le monde de tes r\u00eaves d&rsquo;avenir. Jean Monbourquette<\/p>\n","protected":false},"featured_media":3383,"template":"","meta":{"_et_pb_use_builder":"on","_et_pb_old_content":"","_et_gb_content_width":""},"product_cat":[143],"product_tag":[],"_links":{"self":[{"href":"https:\/\/editionsouverture.ch\/wp2019\/wp-json\/wp\/v2\/product\/4672"}],"collection":[{"href":"https:\/\/editionsouverture.ch\/wp2019\/wp-json\/wp\/v2\/product"}],"about":[{"href":"https:\/\/editionsouverture.ch\/wp2019\/wp-json\/wp\/v2\/types\/product"}],"wp:featuredmedia":[{"embeddable":true,"href":"https:\/\/editionsouverture.ch\/wp2019\/wp-json\/wp\/v2\/media\/3383"}],"wp:attachment":[{"href":"https:\/\/editionsouverture.ch\/wp2019\/wp-json\/wp\/v2\/media?parent=4672"}],"wp:term":[{"taxonomy":"product_cat","embeddable":true,"href":"https:\/\/editionsouverture.ch\/wp2019\/wp-json\/wp\/v2\/product_cat?post=4672"},{"taxonomy":"product_tag","embeddable":true,"href":"https:\/\/editionsouverture.ch\/wp2019\/wp-json\/wp\/v2\/product_tag?post=4672"}],"curies":[{"name":"wp","href":"https:\/\/api.w.org\/{rel}","templated":true}]}}