{"id":4673,"date":"2017-03-01T07:29:01","date_gmt":"2017-03-01T06:29:01","guid":{"rendered":"https:\/\/editionsouverture.ch\/wp2019\/?post_type=project&#038;p=4673"},"modified":"2019-07-31T10:37:53","modified_gmt":"2019-07-31T08:37:53","slug":"familles-des-lieux-pour-grandir","status":"publish","type":"product","link":"https:\/\/editionsouverture.ch\/wp2019\/livres\/plaquettes\/familles-des-lieux-pour-grandir\/","title":{"rendered":"Familles, des lieux pour grandir"},"content":{"rendered":"<p>Malgr\u00e9 d&rsquo;innombrables exp\u00e9riences,<br \/>\nla soci\u00e9t\u00e9 humaine<br \/>\nn&rsquo;a jamais trouv\u00e9 mieux que la famille<br \/>\npour \u00e9lever ses jeunes<br \/>\net pour nous procurer<br \/>\nle bien-\u00eatre \u00e9motionnel<br \/>\nou permettre \u00e0 l&rsquo;enfant de devenir intime<br \/>\navec ses parents-relation<br \/>\nqui lui garantit la s\u00e9curit\u00e9 int\u00e9rieure<br \/>\npour le reste de sa vie.<\/p>\n<p><em>Bruno Bettelheim<br \/>\n<\/em><\/p>\n","protected":false},"excerpt":{"rendered":"<p>Malgr\u00e9 d&rsquo;innombrables exp\u00e9riences, la soci\u00e9t\u00e9 humaine n&rsquo;a jamais trouv\u00e9 mieux que la famille pour \u00e9lever ses jeunes et pour nous procurer le bien-\u00eatre \u00e9motionnel ou permettre \u00e0 l&rsquo;enfant de devenir intime avec ses parents-relation qui lui garantit la s\u00e9curit\u00e9 int\u00e9rieure pour le reste de sa vie. Bruno Bettelheim<\/p>\n","protected":false},"featured_media":3356,"template":"","meta":{"_et_pb_use_builder":"on","_et_pb_old_content":"","_et_gb_content_width":""},"product_cat":[143],"product_tag":[],"_links":{"self":[{"href":"https:\/\/editionsouverture.ch\/wp2019\/wp-json\/wp\/v2\/product\/4673"}],"collection":[{"href":"https:\/\/editionsouverture.ch\/wp2019\/wp-json\/wp\/v2\/product"}],"about":[{"href":"https:\/\/editionsouverture.ch\/wp2019\/wp-json\/wp\/v2\/types\/product"}],"wp:featuredmedia":[{"embeddable":true,"href":"https:\/\/editionsouverture.ch\/wp2019\/wp-json\/wp\/v2\/media\/3356"}],"wp:attachment":[{"href":"https:\/\/editionsouverture.ch\/wp2019\/wp-json\/wp\/v2\/media?parent=4673"}],"wp:term":[{"taxonomy":"product_cat","embeddable":true,"href":"https:\/\/editionsouverture.ch\/wp2019\/wp-json\/wp\/v2\/product_cat?post=4673"},{"taxonomy":"product_tag","embeddable":true,"href":"https:\/\/editionsouverture.ch\/wp2019\/wp-json\/wp\/v2\/product_tag?post=4673"}],"curies":[{"name":"wp","href":"https:\/\/api.w.org\/{rel}","templated":true}]}}