{"id":4675,"date":"2017-01-30T16:35:39","date_gmt":"2017-01-30T15:35:39","guid":{"rendered":"https:\/\/editionsouverture.ch\/wp2019\/?post_type=project&#038;p=4675"},"modified":"2019-07-31T10:38:06","modified_gmt":"2019-07-31T08:38:06","slug":"itineraires-96","status":"publish","type":"product","link":"https:\/\/editionsouverture.ch\/wp2019\/livres\/non class\u00e9\/itineraires-96\/","title":{"rendered":"Itin\u00e9raires 96"},"content":{"rendered":"<p>[et_pb_section fb_built=\u00a0\u00bb1&Prime; admin_label=\u00a0\u00bbsection\u00a0\u00bb _builder_version=\u00a0\u00bb3.22.3&Prime;][et_pb_row admin_label=\u00a0\u00bbrow\u00a0\u00bb _builder_version=\u00a0\u00bb3.22.3&Prime; background_size=\u00a0\u00bbinitial\u00a0\u00bb background_position=\u00a0\u00bbtop_left\u00a0\u00bb background_repeat=\u00a0\u00bbrepeat\u00a0\u00bb][et_pb_column type=\u00a0\u00bb4_4&Prime; _builder_version=\u00a0\u00bb3.0.47&Prime;][et_pb_text admin_label=\u00a0\u00bbText\u00a0\u00bb _builder_version=\u00a0\u00bb3.0.74&Prime; background_size=\u00a0\u00bbinitial\u00a0\u00bb background_position=\u00a0\u00bbtop_left\u00a0\u00bb background_repeat=\u00a0\u00bbrepeat\u00a0\u00bb]Qu\u2019est-ce que je l\u00e8ve<br \/>\nquand je l\u00e8ve ton corps\u2009?<\/p>\n<p>\u00ab\u2009Il ne faut pas que le mort p\u00e8se. Et s\u2019il \u00e9tait bon de laisser peser la mort\u2009? De la laisser peser de tout son poids d\u2019humanit\u00e9? Pas pour qu\u2019elle \u00e9crase, mais pour donner une chance \u00e0 la l\u00e9g\u00e8ret\u00e9.<\/p>\n<p>Cette l\u00e9g\u00e8ret\u00e9, je l\u2019ai v\u00e9cue lors du dernier adieu \u00e0 Salom\u00e9, une jeune femme d\u2019une vingtaine d\u2019ann\u00e9es tellement amoureuse d\u2019un cheval. Ses proches avaient d\u00e9pos\u00e9, dans l\u2019all\u00e9e centrale, devant le ch\u0153ur de l\u2019\u00e9glise, une liti\u00e8re de belle paille blonde. Je n\u2019oublierai pas de sit\u00f4t le geste des jeunes porteurs qui ont d\u00e9licatement d\u00e9pos\u00e9 le corps de leur amie sur la paille. En m\u00e9moire, bien s\u00fbr, de la passion de Salom\u00e9 pour les chevaux. Mais durant toute la c\u00e9l\u00e9bration, je voyais aussi un enfant reposant sur la paille de la cr\u00e8che&#8230; Et quand \u00e0 la fin de la c\u00e9r\u00e9monie les amis ont soulev\u00e9 le cercueil pour le porter plus loin, je me suis inclin\u00e9 devant cette paille si lumineuse et si chaude au toucher.<\/p>\n<p>Qu\u2019est-ce que je l\u00e8ve quand je l\u00e8ve ton corps\u2009?<\/p>\n<p>\u00e0 Bagdad, des hommes effondr\u00e9s levaient tr\u00e8s haut un corps calcin\u00e9. Ils soulevaient une br\u00fblure. Ils \u00e9levaient une protestation. Ils rendaient gr\u00e2ce dans la disgr\u00e2ce. Ceci est ton corps! Ton corps unique. Ceci est ton corps non identifi\u00e9. Et qu\u2019importe la religion. Ou l\u2019absence de religion. Ceci est quand m\u00eame ton corps et je le pr\u00e9sente \u00e0 l\u2019adoration.\u2009\u00bb<\/p>\n<p><em>Gabriel Ringlet<\/em><br \/>\n(\u00ab\u2009Vous me coucherez nu sur la terre nue\u2009\u00bb,<br \/>\nL\u2019accompagnement spirituel jusqu\u2019\u00e0 l\u2019euthanasie)<br \/>\n[\/et_pb_text][\/et_pb_column][\/et_pb_row][\/et_pb_section]<\/p>\n","protected":false},"excerpt":{"rendered":"<p>Qu\u2019est-ce que je l\u00e8ve quand je l\u00e8ve ton corps\u2009? \u00ab\u2009Il ne faut pas que le mort p\u00e8se. Et s\u2019il \u00e9tait bon de laisser peser la mort\u2009? De la laisser peser de tout son poids d\u2019humanit\u00e9? Pas pour qu\u2019elle \u00e9crase, mais pour donner une chance \u00e0 la l\u00e9g\u00e8ret\u00e9. Cette l\u00e9g\u00e8ret\u00e9, je l\u2019ai v\u00e9cue lors du dernier [&hellip;]<\/p>\n","protected":false},"featured_media":3156,"template":"","meta":{"_et_pb_use_builder":"on","_et_pb_old_content":"","_et_gb_content_width":""},"product_cat":[],"product_tag":[],"_links":{"self":[{"href":"https:\/\/editionsouverture.ch\/wp2019\/wp-json\/wp\/v2\/product\/4675"}],"collection":[{"href":"https:\/\/editionsouverture.ch\/wp2019\/wp-json\/wp\/v2\/product"}],"about":[{"href":"https:\/\/editionsouverture.ch\/wp2019\/wp-json\/wp\/v2\/types\/product"}],"wp:featuredmedia":[{"embeddable":true,"href":"https:\/\/editionsouverture.ch\/wp2019\/wp-json\/wp\/v2\/media\/3156"}],"wp:attachment":[{"href":"https:\/\/editionsouverture.ch\/wp2019\/wp-json\/wp\/v2\/media?parent=4675"}],"wp:term":[{"taxonomy":"product_cat","embeddable":true,"href":"https:\/\/editionsouverture.ch\/wp2019\/wp-json\/wp\/v2\/product_cat?post=4675"},{"taxonomy":"product_tag","embeddable":true,"href":"https:\/\/editionsouverture.ch\/wp2019\/wp-json\/wp\/v2\/product_tag?post=4675"}],"curies":[{"name":"wp","href":"https:\/\/api.w.org\/{rel}","templated":true}]}}