{"id":4679,"date":"2017-01-30T16:16:01","date_gmt":"2017-01-30T15:16:01","guid":{"rendered":"https:\/\/editionsouverture.ch\/wp2019\/?post_type=project&#038;p=4679"},"modified":"2019-07-31T10:38:32","modified_gmt":"2019-07-31T08:38:32","slug":"itineraires-92","status":"publish","type":"product","link":"https:\/\/editionsouverture.ch\/wp2019\/livres\/non class\u00e9\/itineraires-92\/","title":{"rendered":"Itin\u00e9raires 92"},"content":{"rendered":"<p>[et_pb_section fb_built=\u00a0\u00bb1&Prime; admin_label=\u00a0\u00bbsection\u00a0\u00bb _builder_version=\u00a0\u00bb3.22.3&Prime;][et_pb_row admin_label=\u00a0\u00bbrow\u00a0\u00bb _builder_version=\u00a0\u00bb3.22.3&Prime; background_size=\u00a0\u00bbinitial\u00a0\u00bb background_position=\u00a0\u00bbtop_left\u00a0\u00bb background_repeat=\u00a0\u00bbrepeat\u00a0\u00bb][et_pb_column type=\u00a0\u00bb4_4&Prime; _builder_version=\u00a0\u00bb3.0.47&Prime;][et_pb_text admin_label=\u00a0\u00bbText\u00a0\u00bb _builder_version=\u00a0\u00bb3.0.74&Prime; background_size=\u00a0\u00bbinitial\u00a0\u00bb background_position=\u00a0\u00bbtop_left\u00a0\u00bb background_repeat=\u00a0\u00bbrepeat\u00a0\u00bb]Vous serez d\u2019une extr\u00eame prudence dans les manifestations de votre amour, afin de pr\u00e9server la libert\u00e9.<\/p>\n<p>L\u2019amour sans r\u00e9serve ligote. Devenez capable d\u2019absence et d\u2019indiff\u00e9rence, et toujours l\u00e0 pour relever sans juger. C\u2019est votre amour de vous qui s\u2019affaire.<\/p>\n<p>\u00c9cart et duret\u00e9 feront plus que mille soins.<\/p>\n<p>Ne craignez pas de renvoyer \u00e0 eux-m\u00eames ceux que vous aimez.<\/p>\n<p>Sans amour de soi, il n\u2019y a pas d\u2019amour des autres. Qui est incapable de solitude et d\u2019\u00eatre bien avec soi<br \/>\nse fuit avec autrui.<\/p>\n<p><em>Jean Sulivan<\/em><br \/>\nPr\u00eatre et \u00e9crivain fran\u00e7ais (1913-1980)<br \/>\n[\/et_pb_text][\/et_pb_column][\/et_pb_row][\/et_pb_section]<\/p>\n","protected":false},"excerpt":{"rendered":"<p>Vous serez d\u2019une extr\u00eame prudence dans les manifestations de votre amour, afin de pr\u00e9server la libert\u00e9. L\u2019amour sans r\u00e9serve ligote. Devenez capable d\u2019absence et d\u2019indiff\u00e9rence, et toujours l\u00e0 pour relever sans juger. C\u2019est votre amour de vous qui s\u2019affaire. \u00c9cart et duret\u00e9 feront plus que mille soins. Ne craignez pas de renvoyer \u00e0 eux-m\u00eames ceux [&hellip;]<\/p>\n","protected":false},"featured_media":3136,"template":"","meta":{"_et_pb_use_builder":"on","_et_pb_old_content":"","_et_gb_content_width":""},"product_cat":[],"product_tag":[],"_links":{"self":[{"href":"https:\/\/editionsouverture.ch\/wp2019\/wp-json\/wp\/v2\/product\/4679"}],"collection":[{"href":"https:\/\/editionsouverture.ch\/wp2019\/wp-json\/wp\/v2\/product"}],"about":[{"href":"https:\/\/editionsouverture.ch\/wp2019\/wp-json\/wp\/v2\/types\/product"}],"wp:featuredmedia":[{"embeddable":true,"href":"https:\/\/editionsouverture.ch\/wp2019\/wp-json\/wp\/v2\/media\/3136"}],"wp:attachment":[{"href":"https:\/\/editionsouverture.ch\/wp2019\/wp-json\/wp\/v2\/media?parent=4679"}],"wp:term":[{"taxonomy":"product_cat","embeddable":true,"href":"https:\/\/editionsouverture.ch\/wp2019\/wp-json\/wp\/v2\/product_cat?post=4679"},{"taxonomy":"product_tag","embeddable":true,"href":"https:\/\/editionsouverture.ch\/wp2019\/wp-json\/wp\/v2\/product_tag?post=4679"}],"curies":[{"name":"wp","href":"https:\/\/api.w.org\/{rel}","templated":true}]}}