{"id":4680,"date":"2017-01-30T15:20:56","date_gmt":"2017-01-30T14:20:56","guid":{"rendered":"https:\/\/editionsouverture.ch\/wp2019\/?post_type=project&#038;p=4680"},"modified":"2019-07-31T10:38:39","modified_gmt":"2019-07-31T08:38:39","slug":"itineraires-91","status":"publish","type":"product","link":"https:\/\/editionsouverture.ch\/wp2019\/livres\/non class\u00e9\/itineraires-91\/","title":{"rendered":"Itin\u00e9raires 91"},"content":{"rendered":"<p>[et_pb_section fb_built=\u00a0\u00bb1&Prime; admin_label=\u00a0\u00bbsection\u00a0\u00bb _builder_version=\u00a0\u00bb3.22.3&Prime;][et_pb_row admin_label=\u00a0\u00bbrow\u00a0\u00bb _builder_version=\u00a0\u00bb3.22.3&Prime; background_size=\u00a0\u00bbinitial\u00a0\u00bb background_position=\u00a0\u00bbtop_left\u00a0\u00bb background_repeat=\u00a0\u00bbrepeat\u00a0\u00bb][et_pb_column type=\u00a0\u00bb4_4&Prime; _builder_version=\u00a0\u00bb3.0.47&Prime;][et_pb_text admin_label=\u00a0\u00bbText\u00a0\u00bb _builder_version=\u00a0\u00bb3.0.74&Prime; background_size=\u00a0\u00bbinitial\u00a0\u00bb background_position=\u00a0\u00bbtop_left\u00a0\u00bb background_repeat=\u00a0\u00bbrepeat\u00a0\u00bb]Tout le monde, tous les matins, retrouve<br \/>\nses probl\u00e8mes\u2009: sant\u00e9, sentiments,<br \/>\nprofession, augmen\u00adtation, solitude,<br \/>\nvieillis\u00adsement, diminution.<br \/>\nLa vie n\u2019est pas toujours facile.<\/p>\n<p>Le c\u0153ur est d\u00e9j\u00e0 lourd et le poids du monde<br \/>\nnous \u00e9crase encore les \u00e9paules\u2009: crise<br \/>\n\u00e9conomique, tensions inter\u00adna\u00adtionales, je\u00fbne<br \/>\n\u00e9ternel de ceux qui ne d\u00e9je\u00fbnent jamais.<\/p>\n<p>Mais savez-vous pourquoi, malgr\u00e9<br \/>\ntout, les gens arrivent encore \u00e0 vivre\u2009?<br \/>\nC\u2019est parce qu\u2019ils ont une femme<br \/>\nqui leur fait signe de la fen\u00eatre, un<br \/>\nenfant qui chante dans sa chambre,<br \/>\nun voisin qui leur crie un mot gentil,<br \/>\nun coll\u00e8gue qui leur donne un coup<br \/>\nde main, et, dimanche, une r\u00e9union<br \/>\nde famille pour un anniversaire de mariage.<\/p>\n<p>J\u00e9sus disait que donner un verre d\u2019eau<br \/>\n\u00e0 quelqu\u2019un change d\u00e9j\u00e0 le monde.<br \/>\nEt les c\u0153urs lourds, un rien d\u2019amour<br \/>\nles rends l\u00e9gers.<\/p>\n<p><em>Philippe Zeissig<\/em><br \/>\n[\/et_pb_text][\/et_pb_column][\/et_pb_row][\/et_pb_section]<\/p>\n","protected":false},"excerpt":{"rendered":"<p>Tout le monde, tous les matins, retrouve ses probl\u00e8mes\u2009: sant\u00e9, sentiments, profession, augmen\u00adtation, solitude, vieillis\u00adsement, diminution. La vie n\u2019est pas toujours facile. Le c\u0153ur est d\u00e9j\u00e0 lourd et le poids du monde nous \u00e9crase encore les \u00e9paules\u2009: crise \u00e9conomique, tensions inter\u00adna\u00adtionales, je\u00fbne \u00e9ternel de ceux qui ne d\u00e9je\u00fbnent jamais. Mais savez-vous pourquoi, malgr\u00e9 tout, les [&hellip;]<\/p>\n","protected":false},"featured_media":3119,"template":"","meta":{"_et_pb_use_builder":"on","_et_pb_old_content":"","_et_gb_content_width":""},"product_cat":[],"product_tag":[],"_links":{"self":[{"href":"https:\/\/editionsouverture.ch\/wp2019\/wp-json\/wp\/v2\/product\/4680"}],"collection":[{"href":"https:\/\/editionsouverture.ch\/wp2019\/wp-json\/wp\/v2\/product"}],"about":[{"href":"https:\/\/editionsouverture.ch\/wp2019\/wp-json\/wp\/v2\/types\/product"}],"wp:featuredmedia":[{"embeddable":true,"href":"https:\/\/editionsouverture.ch\/wp2019\/wp-json\/wp\/v2\/media\/3119"}],"wp:attachment":[{"href":"https:\/\/editionsouverture.ch\/wp2019\/wp-json\/wp\/v2\/media?parent=4680"}],"wp:term":[{"taxonomy":"product_cat","embeddable":true,"href":"https:\/\/editionsouverture.ch\/wp2019\/wp-json\/wp\/v2\/product_cat?post=4680"},{"taxonomy":"product_tag","embeddable":true,"href":"https:\/\/editionsouverture.ch\/wp2019\/wp-json\/wp\/v2\/product_tag?post=4680"}],"curies":[{"name":"wp","href":"https:\/\/api.w.org\/{rel}","templated":true}]}}