{"id":4681,"date":"2017-01-30T15:13:48","date_gmt":"2017-01-30T14:13:48","guid":{"rendered":"https:\/\/editionsouverture.ch\/wp2019\/?post_type=project&#038;p=4681"},"modified":"2019-07-31T10:38:45","modified_gmt":"2019-07-31T08:38:45","slug":"itineraires-90","status":"publish","type":"product","link":"https:\/\/editionsouverture.ch\/wp2019\/livres\/non class\u00e9\/itineraires-90\/","title":{"rendered":"Itin\u00e9raires 90"},"content":{"rendered":"<p>On peut vivre sans richesse<br \/>\nPresque sans le sou<br \/>\nDes seigneurs<br \/>\net des princesses<br \/>\nY\u2019en a plus beaucoup<br \/>\nMais vivre sans tendresse<br \/>\nOn ne le pourrait pas<br \/>\nNon, non, non, non<br \/>\nOn ne le pourrait pas<\/p>\n<p>On peut vivre sans la gloire<br \/>\nQui ne prouve rien<br \/>\n\u00eatre inconnu dans l\u2019histoire<br \/>\nEt s\u2019en trouver bien<br \/>\nMais vivre sans tendresse<br \/>\nIl n\u2019en est pas question<br \/>\nNon, non, non, non<br \/>\nIl n\u2019en est pas question<\/p>\n<p>Quelle douce faiblesse<br \/>\nQuel joli sentiment<br \/>\nCe besoin de tendresse<br \/>\nQui nous vient en naissant<br \/>\nVraiment, vraiment, vraiment<\/p>\n<p>Le travail est n\u00e9cessaire<br \/>\nMais s\u2019il faut rester<br \/>\nDes semaines sans rien faire<br \/>\nEh bien&#8230; on s\u2019y fait<br \/>\nMais vivre sans tendresse<br \/>\nLe temps vous para\u00eet long<br \/>\nLong, long, long, long<br \/>\nLe temps vous parait long<br \/>\nDans le feu de la jeunesse<br \/>\nNaissent les plaisirs<br \/>\nEt l\u2019amour fait des prouesses<br \/>\nPour nous \u00e9blouir<br \/>\nOui mais sans la tendresse<br \/>\nL\u2019amour ne serait rien<br \/>\nNon, non, non, non<br \/>\nL\u2019amour ne serait rien<\/p>\n<p>Quand la vie impitoyable<br \/>\nVous tombe dessus<br \/>\nOn n\u2019est plus qu\u2019un<br \/>\npauvre diable<br \/>\nBroy\u00e9 et d\u00e9\u00e7u<br \/>\nAlors sans la tendresse<br \/>\nD\u2019un c\u0153ur qui nous soutient<br \/>\nNon, non, non, non<br \/>\nOn n\u2019irait pas plus loin<\/p>\n<p>Un enfant vous embrasse<br \/>\nParce qu\u2019on le rend heureux<br \/>\nTous nos chagrins s\u2019effacent<br \/>\nOn a les larmes aux yeux<br \/>\nMon Dieu, mon Dieu,<br \/>\nmon Dieu&#8230;<br \/>\nDans votre immense sagesse<br \/>\nImmense ferveur<br \/>\nFaites donc pleuvoir<br \/>\nsans cesse<br \/>\nAu fond de nos c\u0153urs<br \/>\nDes torrents de tendresse<br \/>\nPour que r\u00e8gne l\u2019amour<br \/>\nR\u00e8gne l\u2019amour<br \/>\nJusqu\u2019\u00e0 la fin des jours<\/p>\n","protected":false},"excerpt":{"rendered":"<p>On peut vivre sans richesse Presque sans le sou Des seigneurs et des princesses Y\u2019en a plus beaucoup Mais vivre sans tendresse On ne le pourrait pas Non, non, non, non On ne le pourrait pas On peut vivre sans la gloire Qui ne prouve rien \u00eatre inconnu dans l\u2019histoire Et s\u2019en trouver bien Mais [&hellip;]<\/p>\n","protected":false},"featured_media":3128,"template":"","meta":{"_et_pb_use_builder":"on","_et_pb_old_content":"","_et_gb_content_width":""},"product_cat":[],"product_tag":[],"_links":{"self":[{"href":"https:\/\/editionsouverture.ch\/wp2019\/wp-json\/wp\/v2\/product\/4681"}],"collection":[{"href":"https:\/\/editionsouverture.ch\/wp2019\/wp-json\/wp\/v2\/product"}],"about":[{"href":"https:\/\/editionsouverture.ch\/wp2019\/wp-json\/wp\/v2\/types\/product"}],"wp:featuredmedia":[{"embeddable":true,"href":"https:\/\/editionsouverture.ch\/wp2019\/wp-json\/wp\/v2\/media\/3128"}],"wp:attachment":[{"href":"https:\/\/editionsouverture.ch\/wp2019\/wp-json\/wp\/v2\/media?parent=4681"}],"wp:term":[{"taxonomy":"product_cat","embeddable":true,"href":"https:\/\/editionsouverture.ch\/wp2019\/wp-json\/wp\/v2\/product_cat?post=4681"},{"taxonomy":"product_tag","embeddable":true,"href":"https:\/\/editionsouverture.ch\/wp2019\/wp-json\/wp\/v2\/product_tag?post=4681"}],"curies":[{"name":"wp","href":"https:\/\/api.w.org\/{rel}","templated":true}]}}